{"id":910,"date":"2025-01-27T19:34:57","date_gmt":"2025-01-27T18:34:57","guid":{"rendered":"https:\/\/5zszv.edu.sk\/?page_id=910"},"modified":"2025-09-17T15:08:55","modified_gmt":"2025-09-17T13:08:55","slug":"preukaz-isic","status":"publish","type":"page","link":"https:\/\/5zszv.edu.sk\/index.php\/preukaz-isic\/","title":{"rendered":"Preukaz ISIC"},"content":{"rendered":"\n<p>Inform\u00e1cie o preukazoch:&nbsp;<a href=\"https:\/\/isic.sk\/\" target=\"_blank\" rel=\"noreferrer noopener\">https:\/\/isic.sk\/<\/a>&nbsp;<\/p>\n\n\n\n<p>Inform\u00e1cie (objedn\u00e1vky, duplik\u00e1ty, pred\u013a\u017eenie dopravnej karty): <a href=\"https:\/\/isic.sk\/isicnanasejskole\/\">https:\/\/isic.sk\/isicnanasejskole\/<\/a><\/p>\n\n\n\n<p> Platobn\u00e1 br\u00e1na pre rodi\u010dov&nbsp;<a href=\"https:\/\/isic.sk\/platbaskoly\/\" target=\"_blank\" rel=\"noreferrer noopener\">https:\/\/isic.sk\/platbaskoly\/<\/a><\/p>\n\n\n<div class=\"wp-block-image\">\n<figure class=\"aligncenter size-full is-resized\"><img loading=\"lazy\" decoding=\"async\" width=\"512\" height=\"512\" src=\"https:\/\/5zszv.edu.sk\/wp-content\/uploads\/2025\/01\/cropped-isic-favicon.png\" alt=\"\" class=\"wp-image-914\" style=\"width:126px;height:auto\" srcset=\"https:\/\/5zszv.edu.sk\/wp-content\/uploads\/2025\/01\/cropped-isic-favicon.png 512w, https:\/\/5zszv.edu.sk\/wp-content\/uploads\/2025\/01\/cropped-isic-favicon-300x300.png 300w, https:\/\/5zszv.edu.sk\/wp-content\/uploads\/2025\/01\/cropped-isic-favicon-150x150.png 150w\" sizes=\"auto, (max-width: 512px) 100vw, 512px\" \/><\/figure>\n<\/div>\n\n\n<p><\/p>\n","protected":false},"excerpt":{"rendered":"<p>Inform\u00e1cie o preukazoch:&nbsp;https:\/\/isic.sk\/&nbsp; Inform\u00e1cie (objedn\u00e1vky, duplik\u00e1ty, pred\u013a\u017eenie dopravnej karty): https:\/\/isic.sk\/isicnanasejskole\/ Platobn\u00e1 br\u00e1na pre rodi\u010dov&nbsp;https:\/\/isic.sk\/platbaskoly\/<\/p>\n","protected":false},"author":4,"featured_media":112,"parent":0,"menu_order":0,"comment_status":"closed","ping_status":"closed","template":"","meta":{"footnotes":""},"class_list":["post-910","page","type-page","status-publish","has-post-thumbnail","hentry"],"_links":{"self":[{"href":"https:\/\/5zszv.edu.sk\/index.php\/wp-json\/wp\/v2\/pages\/910","targetHints":{"allow":["GET"]}}],"collection":[{"href":"https:\/\/5zszv.edu.sk\/index.php\/wp-json\/wp\/v2\/pages"}],"about":[{"href":"https:\/\/5zszv.edu.sk\/index.php\/wp-json\/wp\/v2\/types\/page"}],"author":[{"embeddable":true,"href":"https:\/\/5zszv.edu.sk\/index.php\/wp-json\/wp\/v2\/users\/4"}],"replies":[{"embeddable":true,"href":"https:\/\/5zszv.edu.sk\/index.php\/wp-json\/wp\/v2\/comments?post=910"}],"version-history":[{"count":6,"href":"https:\/\/5zszv.edu.sk\/index.php\/wp-json\/wp\/v2\/pages\/910\/revisions"}],"predecessor-version":[{"id":1000,"href":"https:\/\/5zszv.edu.sk\/index.php\/wp-json\/wp\/v2\/pages\/910\/revisions\/1000"}],"wp:featuredmedia":[{"embeddable":true,"href":"https:\/\/5zszv.edu.sk\/index.php\/wp-json\/wp\/v2\/media\/112"}],"wp:attachment":[{"href":"https:\/\/5zszv.edu.sk\/index.php\/wp-json\/wp\/v2\/media?parent=910"}],"curies":[{"name":"wp","href":"https:\/\/api.w.org\/{rel}","templated":true}]}}