{"id":91,"date":"2023-09-06T21:49:13","date_gmt":"2023-09-06T19:49:13","guid":{"rendered":"http:\/\/194.160.177.10\/?page_id=91"},"modified":"2024-02-15T11:07:00","modified_gmt":"2024-02-15T10:07:00","slug":"erasmus","status":"publish","type":"page","link":"https:\/\/5zszv.edu.sk\/index.php\/erasmus\/","title":{"rendered":"Erasmus +"},"content":{"rendered":"\n<p class=\"has-text-align-center\"><em>Obohacujeme \u017eivoty, roz\u0161irujeme obzory<\/em>.<\/p>\n\n\n\n<p class=\"has-text-align-center\"><strong>V roku 2017 na\u0161a \u0161kola z\u00edskala prest\u00ed\u017ene ocenenie ako jedin\u00e1 z\u00e1kladn\u00e1 \u0161kola na Slovensku za mimoriadnu aktivitu a v\u00fdsledky v realiz\u00e1cii eur\u00f3pskych vzdel\u00e1vac\u00edch programov v rokoch 1998 &#8211; 2017.<\/strong><\/p>\n\n\n\n<p class=\"has-text-align-center\">Vyu\u017eili sme dlhoro\u010dn\u00e9 sk\u00fasenosti s realiz\u00e1ciou projektov medzin\u00e1rodnej spolupr\u00e1ce a z\u00edskali sme akredit\u00e1ciu na roky 2021-2027 pod \u010d\u00edslom 2020-1-SK01-KA120-SCH-000094293. <\/p>\n\n\n\n<p class=\"has-text-align-center\">Vzdel\u00e1vame na\u0161ich zamestnancov v r\u00e1mci\u00a0kurzov, \u0161tudijn\u00fdch n\u00e1v\u0161tev, pozorovan\u00ed pri pr\u00e1ci a in\u00fdch mobil\u00edt financovan\u00fdch z programu Erasmus+. S v\u00edziou, \u017ee \u00fa\u010dastn\u00edci bud\u00fa tvorivo formova\u0165 na\u0161ich \u017eiakov s otvoren\u00fdm poh\u013eadom na Eur\u00f3pu a orientova\u0165 sa na bud\u00facnos\u0165. Realizujeme mobility \u017eiakov, podporujeme rozvoj ich kompetenci\u00ed, jazykov\u00fdch zru\u010dnost\u00ed, sp\u00f4sobilosti u\u010denia sa a spolupr\u00e1ce v eur\u00f3pskom priestore. <\/p>\n\n\n\n<p><\/p>\n\n\n\n<p class=\"has-text-align-center\">Realizovan\u00e9 projekty, mobility, kurzy:<\/p>\n\n\n\n<h2 class=\"wp-block-heading has-text-align-center\"><strong>\u0160tudijn\u00e9 n\u00e1v\u0161tevy, mobility zamestnancov<\/strong><\/h2>\n\n\n\n<div class=\"wp-block-group\"><div class=\"wp-block-group__inner-container is-layout-constrained wp-block-group-is-layout-constrained\">\n<div class=\"wp-block-group is-vertical is-layout-flex wp-container-core-group-is-layout-8cf370e7 wp-block-group-is-layout-flex\">\n<p>Erasmus+ 2024: 6 mobil\u00edt  &#8211; odborn\u00e9 kurzy, 9 mobil\u00edt &#8211; pozorovanie pri pr\u00e1ci (jobshadowing)<\/p>\n\n\n\n<p>Erasmus+ 2024 \u0160koliace a&nbsp;koopera\u010dn\u00e9 aktivity, tzv. TCA (z angl. Training and Cooperation Activities) &#8211; 1 mobilita<\/p>\n\n\n\n<p>Erasmus+ 2023: 4 mobility &#8211;  pozorovanie pri pr\u00e1ci (jobshadowing)<\/p>\n\n\n\n<p>Erasmus+ 2022: 6 mobil\u00edt  &#8211; odborn\u00e9 kurzy, 5 mobil\u00edt &#8211; pozorovanie pri pr\u00e1ci (jobshadowing)<\/p>\n\n\n\n<p>Erasmus+ 2021: 8 mobil\u00edt  &#8211; odborn\u00e9 kurzy<\/p>\n\n\n\n<p>Erasmus+ 2020: Akredit\u00e1cia<\/p>\n\n\n\n<p>2015 European Training course \u2013 Language development, London, UK<\/p>\n\n\n\n<p>2014 Study visit &#8222;Improving Quality in the Basque Education System by Improving Learning Processe&#8220;, Bilbao, Basque country, Spain <\/p>\n\n\n\n<p>2013 European Training course \u2013 Language development and the Practice of CLIL, London, UK<\/p>\n\n\n\n<p>2012 European Training course \u2013 Language development, Dresden, Germany<\/p>\n\n\n\n<p>2011 European Training course \u2013 EDIPED: European Digital Portfolio for Educators, Protaras, Cyprus <\/p>\n\n\n\n<p>2010 European Training course &#8211; Inari, Lapland, Finland <\/p>\n\n\n\n<p>2010 Study visit &#8222;For a&nbsp;European curriculum in science&#8220;&nbsp;&nbsp;&#8211; Fano, Italy <\/p>\n\n\n\n<p>2009 Europaen Training course&nbsp;&nbsp;&#8222;eJournalism Educational Collaboration Across Borders Using Web based Tools&#8220; &#8211; Inari, Lapland, Finland <\/p>\n\n\n\n<p>2008 Study visit &#8222;Using ICT to enhance teaching and learning&#8220; &#8211; Blackpool, UK <\/p>\n\n\n\n<p>2007 Eur\u00f3pska zna\u010dka pre jazyky <\/p>\n<\/div>\n<\/div><\/div>\n\n\n\n<div style=\"height:50px\" aria-hidden=\"true\" class=\"wp-block-spacer\"><\/div>\n\n\n\n<h2 class=\"wp-block-heading has-text-align-center\"><strong>\u0160kolsk\u00e9 partnerstv\u00e1, mobility \u017eiakov<\/strong><\/h2>\n\n\n\n<div class=\"wp-block-group is-vertical is-layout-flex wp-container-core-group-is-layout-8cf370e7 wp-block-group-is-layout-flex\">\n<p>Erasmus+ 2023-2024 &#8222;Bud\u00facnos\u0165 je v na\u0161ich ruk\u00e1ch&#8220;, partneri Portugalsko, jazyk projektu: anglick\u00fd<\/p>\n\n\n\n<p>Erasmus+ 2019 \u2013 2021 &#8222;Zdrav\u00e1 Eur\u00f3pa&#8220;:  partneri F\u00ednsko, Belgicko, \u0160v\u00e9dsko, Portugalsko, jazyk projektu: anglick\u00fd<\/p>\n\n\n\n<p>Erasmus+ 2017 &#8211; 2019 &#8222;Embrace Diversity&#8220;R\u00f4znorodos\u0165 sp\u00e1ja&#8220;, partneri Portugalsko, Loty\u0161sko, Ve\u013ek\u00e1 Brit\u00e1nia, \u0160panielsko, jazyk projektu: anglick\u00fd<\/p>\n\n\n\n<p>Comenius 2014 \u2013 2016 &#8222;Energia&#8220;: partneri \u00cdrsko, Ma\u010farsko, Belgicko, Baskicko, Po\u013esko, jazyk projektu: anglick\u00fd<\/p>\n\n\n\n<p>Comenius 2014 \u2013 2016 &#8222;Energia&#8220;: partneri \u00cdrsko, Ma\u010farsko, Belgicko, Baskicko, Po\u013esko, jazyk projektu: anglick\u00fd<\/p>\n\n\n\n<p>Comenius 2004 \u2013 2006 &#8222;Euromesto&#8220;, Franc\u00fazsko, Taliansko, jazyk projektu: franc\u00fazsky<\/p>\n\n\n\n<p>Comenius 2005 Fliegen,  partneri: Slovinsko,&nbsp;Po\u013esko, Nemecko, jazyk projektu: nemeck\u00fd<\/p>\n\n\n\n<p>Sokrates II 2003 &#8222;Etudy zo \u017eivota stromu&#8220;,  Avranches, Franc\u00fazsko, jazyk projektu: franc\u00fazsky<\/p>\n\n\n\n<p>Soktares II 2001 &#8222;Metamorf\u00f3zy vody&#8220;, Avranches, Franc\u00fazsko,  jazyk projektu: franc\u00fazsky<\/p>\n\n\n\n<p>Sokrates 1999 bilater\u00e1lny projekt &#8222;V\u0161etci k&nbsp;stolu&#8220;, Avranches, Franc\u00fazsko, jazyk projektu: franc\u00fazsky<\/p>\n\n\n\n<p>Sokrates 1998 bilater\u00e1lny projekt &#8222;Slnovrat&#8220;, Avranches, Franc\u00fazsko, jazyk projektu: franc\u00fazsky<\/p>\n<\/div>\n\n\n\n<div style=\"height:50px\" aria-hidden=\"true\" class=\"wp-block-spacer\"><\/div>\n\n\n\n<p> <\/p>\n\n\n\n<p><\/p>\n\n\n\n<p><\/p>\n\n\n\n<iframe loading=\"lazy\" src=\"https:\/\/drive.google.com\/embeddedfolderview?id=1LFIlBFYwkqgCEMB1etDoetKerDtXNEkH#list\" width=\"100%\" height=\"600\" frameborder=\"0\"><\/iframe>\n","protected":false},"excerpt":{"rendered":"<p>Obohacujeme \u017eivoty, roz\u0161irujeme obzory. V roku 2017 na\u0161a \u0161kola z\u00edskala prest\u00ed\u017ene ocenenie ako jedin\u00e1 z\u00e1kladn\u00e1 \u0161kola na Slovensku za mimoriadnu aktivitu a v\u00fdsledky v realiz\u00e1cii [&hellip;]<\/p>\n","protected":false},"author":1,"featured_media":0,"parent":0,"menu_order":0,"comment_status":"closed","ping_status":"closed","template":"","meta":{"footnotes":""},"class_list":["post-91","page","type-page","status-publish","hentry"],"_links":{"self":[{"href":"https:\/\/5zszv.edu.sk\/index.php\/wp-json\/wp\/v2\/pages\/91","targetHints":{"allow":["GET"]}}],"collection":[{"href":"https:\/\/5zszv.edu.sk\/index.php\/wp-json\/wp\/v2\/pages"}],"about":[{"href":"https:\/\/5zszv.edu.sk\/index.php\/wp-json\/wp\/v2\/types\/page"}],"author":[{"embeddable":true,"href":"https:\/\/5zszv.edu.sk\/index.php\/wp-json\/wp\/v2\/users\/1"}],"replies":[{"embeddable":true,"href":"https:\/\/5zszv.edu.sk\/index.php\/wp-json\/wp\/v2\/comments?post=91"}],"version-history":[{"count":22,"href":"https:\/\/5zszv.edu.sk\/index.php\/wp-json\/wp\/v2\/pages\/91\/revisions"}],"predecessor-version":[{"id":777,"href":"https:\/\/5zszv.edu.sk\/index.php\/wp-json\/wp\/v2\/pages\/91\/revisions\/777"}],"wp:attachment":[{"href":"https:\/\/5zszv.edu.sk\/index.php\/wp-json\/wp\/v2\/media?parent=91"}],"curies":[{"name":"wp","href":"https:\/\/api.w.org\/{rel}","templated":true}]}}