{"id":9,"date":"2023-09-05T17:57:14","date_gmt":"2023-09-05T15:57:14","guid":{"rendered":"http:\/\/194.160.177.10\/?page_id=9"},"modified":"2024-02-15T08:22:17","modified_gmt":"2024-02-15T07:22:17","slug":"skola","status":"publish","type":"page","link":"https:\/\/5zszv.edu.sk\/index.php\/skola\/","title":{"rendered":"\u0160kola"},"content":{"rendered":"\n<p class=\"has-text-align-center\">Priate\u013esk\u00e1 \u0161kola je miestom, kde sa ka\u017ed\u00fd \u017eiak c\u00edti akceptovan\u00fd, ocenen\u00fd a v bezpe\u010d\u00ed. Je to prostredie, kde sa kladie d\u00f4raz nielen na rozvoj poznania, ale aj na soci\u00e1lne a emocion\u00e1lne zru\u010dnosti, kde sa podporuje tolerancia, porozumenie a inkl\u00fazia medzi \u017eiakmi a pedag\u00f3gmi. Priate\u013esk\u00e1 \u0161kola vytv\u00e1ra atmosf\u00e9ru vz\u00e1jomnej \u00facty a d\u00f4very, \u010do umo\u017e\u0148uje ka\u017ed\u00e9mu jednotlivcovi r\u00e1s\u0165 a prosperova\u0165.<\/p>\n\n\n\n<div style=\"height:50px\" aria-hidden=\"true\" class=\"wp-block-spacer\"><\/div>\n\n\n\n<div class=\"wp-block-columns is-layout-flex wp-container-core-columns-is-layout-9d6595d7 wp-block-columns-is-layout-flex\">\n<div class=\"wp-block-column is-layout-flow wp-block-column-is-layout-flow\">\n<p><strong>Z\u00e1kladn\u00e1 \u0161kola, Hrn\u010diarska 2119\/1, 960 01 Zvolen<\/strong><\/p>\n\n\n\n<p>I\u010cO: 37888412 DI\u010c: 2021677746 I\u010cDPH: &#8211;<\/p>\n\n\n\n<p>Bankov\u00e9 spojenie: V\u00daB banka, a. s.<\/p>\n\n\n\n<p>\u010d\u00edslo \u00fa\u010dtu: 4231412 \/ 0200<\/p>\n\n\n\n<p>IBAN: SK52 0200 0000 0000 0423 1412<\/p>\n\n\n\n<p>BIC: SUBASKBX<\/p>\n<\/div>\n\n\n\n<div class=\"wp-block-column is-layout-flow wp-block-column-is-layout-flow\">\n<p><strong>Zdru\u017eenie rodi\u010dov pri V. Z\u0160, Hrn\u010diarska 2119 \/ 1, 960 01 Zvolen<\/strong><\/p>\n\n\n\n<p>I\u010cO: 37953109 DI\u010c: 2021972700 I\u010cDPH: &#8211;<\/p>\n\n\n\n<p>Bankov\u00e9 spojenie: UniCredit Bank Slovakia, a. s.<\/p>\n\n\n\n<p>\u010d\u00edslo \u00fa\u010dtu: 1233148000 \/ 1111<\/p>\n\n\n\n<p>IBAN: SK98 1111 0000 0012 3314 8000<\/p>\n\n\n\n<p>BIC: UNCRSKBX<\/p>\n<\/div>\n<\/div>\n\n\n\n<div style=\"height:100px\" aria-hidden=\"true\" class=\"wp-block-spacer\"><\/div>\n\n\n\n<p><\/p>\n\n\n\n<div class=\"wp-block-columns is-layout-flex wp-container-core-columns-is-layout-9d6595d7 wp-block-columns-is-layout-flex\">\n<div class=\"wp-block-column is-layout-flow wp-block-column-is-layout-flow\">\n<p><strong>Telefonick\u00e9 kontakty<\/strong><\/p>\n\n\n\n<p>Riadite\u013eka \u0161koly: 045 532 6001, 0918 967 832<\/p>\n\n\n\n<p>Sekretari\u00e1t, ekon\u00f3mka Z\u0160: 045 532 6010, 0917 860 102<\/p>\n\n\n\n<p>Z\u00e1stupcovia R\u0160: 0917 591 671<\/p>\n<\/div>\n\n\n\n<div class=\"wp-block-column is-layout-flow wp-block-column-is-layout-flow\">\n<p><strong>\u0160kolsk\u00fd automat<\/strong><\/p>\n\n\n\n<p>Pavol K\u00e9vely, Re\u0161taur\u00e1cia Lipa, Hviezdoslavova 34, 960 01 Zvolen<\/p>\n\n\n\n<p>0903 184 818, kevely@jupo.sk<\/p>\n<\/div>\n<\/div>\n\n\n\n<p><\/p>\n\n\n\n<p><\/p>\n\n\n\n<p><\/p>\n\n\n\n<p><\/p>\n\n\n\n<p><\/p>\n\n\n\n<p><\/p>\n\n\n\n<p><\/p>\n\n\n\n<p><\/p>\n","protected":false},"excerpt":{"rendered":"<p>Priate\u013esk\u00e1 \u0161kola je miestom, kde sa ka\u017ed\u00fd \u017eiak c\u00edti akceptovan\u00fd, ocenen\u00fd a v bezpe\u010d\u00ed. Je to prostredie, kde sa kladie d\u00f4raz nielen na rozvoj poznania, [&hellip;]<\/p>\n","protected":false},"author":1,"featured_media":110,"parent":0,"menu_order":0,"comment_status":"closed","ping_status":"closed","template":"","meta":{"footnotes":""},"class_list":["post-9","page","type-page","status-publish","has-post-thumbnail","hentry"],"_links":{"self":[{"href":"https:\/\/5zszv.edu.sk\/index.php\/wp-json\/wp\/v2\/pages\/9","targetHints":{"allow":["GET"]}}],"collection":[{"href":"https:\/\/5zszv.edu.sk\/index.php\/wp-json\/wp\/v2\/pages"}],"about":[{"href":"https:\/\/5zszv.edu.sk\/index.php\/wp-json\/wp\/v2\/types\/page"}],"author":[{"embeddable":true,"href":"https:\/\/5zszv.edu.sk\/index.php\/wp-json\/wp\/v2\/users\/1"}],"replies":[{"embeddable":true,"href":"https:\/\/5zszv.edu.sk\/index.php\/wp-json\/wp\/v2\/comments?post=9"}],"version-history":[{"count":12,"href":"https:\/\/5zszv.edu.sk\/index.php\/wp-json\/wp\/v2\/pages\/9\/revisions"}],"predecessor-version":[{"id":756,"href":"https:\/\/5zszv.edu.sk\/index.php\/wp-json\/wp\/v2\/pages\/9\/revisions\/756"}],"wp:featuredmedia":[{"embeddable":true,"href":"https:\/\/5zszv.edu.sk\/index.php\/wp-json\/wp\/v2\/media\/110"}],"wp:attachment":[{"href":"https:\/\/5zszv.edu.sk\/index.php\/wp-json\/wp\/v2\/media?parent=9"}],"curies":[{"name":"wp","href":"https:\/\/api.w.org\/{rel}","templated":true}]}}