{"id":85,"date":"2023-09-06T10:54:24","date_gmt":"2023-09-06T08:54:24","guid":{"rendered":"http:\/\/194.160.177.10\/?page_id=85"},"modified":"2025-05-28T20:00:29","modified_gmt":"2025-05-28T18:00:29","slug":"zelena-skola","status":"publish","type":"page","link":"https:\/\/5zszv.edu.sk\/index.php\/zelena-skola\/","title":{"rendered":"Zelen\u00e1 \u0160kola"},"content":{"rendered":"\n<p class=\"has-text-align-center\">Do programu Zelen\u00e1 \u0161kola, ako environment\u00e1lneho v\u00fdchovno-vzdel\u00e1vacieho programu pre matersk\u00e9, z\u00e1kladn\u00e9, stredn\u00e9 i&nbsp;\u0161peci\u00e1lne \u0161kola, je na\u0161a \u0161kola zapojen\u00e1 \u0161tvrt\u00fd rok. <\/p>\n\n\n\n<p class=\"has-text-align-center has-green-color has-text-color has-link-color wp-elements-3255f27c4374e9e3afa58603aa748552\"><strong>Jeho cie\u013eom je prispie\u0165 k prevencii a rie\u0161eniu probl\u00e9mov \u017eivotn\u00e9ho prostredia a prinies\u0165 do \u0161k\u00f4l re\u00e1lne zmeny vo fungovan\u00ed aj v\u00fdu\u010dbe.<\/strong><\/p>\n\n\n\n<p class=\"has-text-align-left\">V\u0161etko so v\u0161etk\u00fdm s\u00favis\u00ed a aj na\u0161a \u00fa\u010das\u0165 v tomto programe s\u00favis\u00ed s t\u00fdm ako u\u010d\u00edme re\u0161pektuj\u00faco, tematicky integrovane a hlavne pre \u017eivot.&nbsp;V&nbsp;programe v\u017edy \u0161koly pracuj\u00fa na jednej z&nbsp;t\u00e9m. <\/p>\n\n\n\n<p class=\"has-text-align-left\"><strong>Zele\u0148 a ochrana pr\u00edrody<\/strong>&nbsp;bola na\u0161ou t\u00e9mou prv\u00e9 certifika\u010dn\u00e9 obdobie.&nbsp;Po \u00favodnom audite, ktor\u00fd sme s niektor\u00fdmi kolegami a \u017eiakmi spracovali sme us\u00fadili, \u017ee akoko\u013evek kr\u00e1sny a modern\u00fd n\u00e1\u0161 \u0161kolsk\u00fd dvor je,&nbsp; nie\u010do tam ch\u00fdba.&nbsp; Rozhodli sme sa vytvori\u0165 zo \u0161kolsk\u00e9ho dvora miesto, kde sa bude da\u0165 plnohodnotne tr\u00e1vi\u0165 \u010das nielen po vyu\u010dovan\u00ed, ale aj po\u010das neho a odu\u010di\u0165 tam niektor\u00e9 z na\u0161ich hod\u00edn. Spolo\u010dn\u00fdmi silami, sme vytvorili pl\u00e1n a&nbsp;postupne ho naplnili. Na \u0161kolskom dvore vznikli dve vonkaj\u0161ie u\u010debne a&nbsp;mnoho nov\u00fdch zelen\u00fdch prvkov, zasadili sme strom\u010deky, kr\u00edky, nain\u0161talovali a vyv\u00fd\u0161en\u00e9 z\u00e1hony, vybudovali kompostovisko. Pani u\u010dite\u013eky so \u017eiakmi vytvorili bylinkov\u00fa \u0161pir\u00e1lu a&nbsp;doplnili na\u0161e da\u017e\u010fov\u00e9 z\u00e1hrady o&nbsp;vhodn\u00e9 rastliny, \u010di vytvorili n\u00e1u\u010dn\u00fd chodn\u00edk.&nbsp;\u0160kolsk\u00fd dvor sme doplnili pr\u00edrodn\u00fdmi pom\u00f4ckami, ktor\u00e9 deti m\u00f4\u017eu vyu\u017e\u00edva\u0165 na vyu\u010dovan\u00ed aj v&nbsp;\u0161kolskom klube po vyu\u010dovan\u00ed.&nbsp;Po\u010das fungovania v&nbsp;programe sme zistili, ak\u00e1 je d\u00f4le\u017eit\u00e1 particip\u00e1cia \u017eiakov na projektoch a&nbsp;spolupr\u00e1ca medzi \u017eiakmi a&nbsp;u\u010dite\u013emi.&nbsp;<\/p>\n\n\n\n<p class=\"has-text-align-center has-green-color has-text-color has-link-color wp-elements-fe0e1b9eaac847765feb7d09e1c28518\">Po dvoch rokoch a&nbsp;obh\u00e1jen\u00ed na\u0161ej pr\u00e1ce, sme prv\u00fdkr\u00e1t z\u00edskali vlajku&nbsp;<strong>Zelenej \u0161koly<\/strong><\/p>\n\n\n\n<p class=\"has-text-align-left\">V&nbsp;novom certifika\u010dnom obdob\u00ed sme sa pustili do t\u00e9my&nbsp;<strong>Odpady<\/strong>. So \u017eiakmi kol\u00e9gia Zelenej \u0161koly v&nbsp;spolupr\u00e1ci so \u0161kolsk\u00fdm snemom a&nbsp;kolegami sme vymysleli pl\u00e1n, \u010do spravi\u0165 a&nbsp;ako vieme prispie\u0165 k&nbsp;minimaliz\u00e1ci\u00ed odpadu a&nbsp;eduk\u00e1ci\u00ed \u017eiakov a&nbsp;u\u010dite\u013eov na\u0161ej \u0161koly.&nbsp;<\/p>\n\n\n<div class=\"wp-block-image\">\n<figure class=\"aligncenter size-large\"><img loading=\"lazy\" decoding=\"async\" width=\"724\" height=\"1024\" src=\"https:\/\/5zszv.edu.sk\/wp-content\/uploads\/2025\/03\/Green-Yellow-Bold-Illustrative-Food-Waste-Tips-Poster-1-724x1024.png\" alt=\"\" class=\"wp-image-938\" srcset=\"https:\/\/5zszv.edu.sk\/wp-content\/uploads\/2025\/03\/Green-Yellow-Bold-Illustrative-Food-Waste-Tips-Poster-1-724x1024.png 724w, https:\/\/5zszv.edu.sk\/wp-content\/uploads\/2025\/03\/Green-Yellow-Bold-Illustrative-Food-Waste-Tips-Poster-1-212x300.png 212w, https:\/\/5zszv.edu.sk\/wp-content\/uploads\/2025\/03\/Green-Yellow-Bold-Illustrative-Food-Waste-Tips-Poster-1-768x1086.png 768w, https:\/\/5zszv.edu.sk\/wp-content\/uploads\/2025\/03\/Green-Yellow-Bold-Illustrative-Food-Waste-Tips-Poster-1-1086x1536.png 1086w, https:\/\/5zszv.edu.sk\/wp-content\/uploads\/2025\/03\/Green-Yellow-Bold-Illustrative-Food-Waste-Tips-Poster-1.png 1414w\" sizes=\"auto, (max-width: 724px) 100vw, 724px\" \/><\/figure>\n<\/div>\n\n<div class=\"wp-block-image\">\n<figure class=\"aligncenter size-large\"><img loading=\"lazy\" decoding=\"async\" width=\"1024\" height=\"584\" src=\"https:\/\/5zszv.edu.sk\/wp-content\/uploads\/2024\/02\/Zelena-skola-1024x584.png\" alt=\"\" class=\"wp-image-651\" srcset=\"https:\/\/5zszv.edu.sk\/wp-content\/uploads\/2024\/02\/Zelena-skola-1024x584.png 1024w, https:\/\/5zszv.edu.sk\/wp-content\/uploads\/2024\/02\/Zelena-skola-300x171.png 300w, https:\/\/5zszv.edu.sk\/wp-content\/uploads\/2024\/02\/Zelena-skola-768x438.png 768w, https:\/\/5zszv.edu.sk\/wp-content\/uploads\/2024\/02\/Zelena-skola-1536x877.png 1536w, https:\/\/5zszv.edu.sk\/wp-content\/uploads\/2024\/02\/Zelena-skola-2048x1169.png 2048w\" sizes=\"auto, (max-width: 1024px) 100vw, 1024px\" \/><\/figure>\n<\/div>\n\n\n<p><strong><mark style=\"background-color:rgba(0, 0, 0, 0)\" class=\"has-inline-color has-green-color\">KONCOV\u00dd STAV<\/mark><\/strong><\/p>\n\n\n\n<p><em>Stanovili sme si :<\/em><\/p>\n\n\n\n<ol start=\"1\" class=\"wp-block-list\">\n<li><mark style=\"background-color:rgba(0, 0, 0, 0)\" class=\"has-inline-color has-green-color\"><strong>Zn\u00ed\u017ei\u0165 objem komun\u00e1lneho vytvoren\u00e9ho odpadu o\u00a015% do konca m\u00e1ja 2025.\u00a0<\/strong><\/mark><\/li>\n<\/ol>\n\n\n\n<p>Stav ku koncu marca 2025:<\/p>\n\n\n\n<p>Komun\u00e1lny odpad (priemer za t\u00fd\u017ede\u0148): v kilogramoch<\/p>\n\n\n\n<p>rok 2024 &#8211;&nbsp;74,50<\/p>\n\n\n\n<p>rok 2025 &#8211; 56,06<\/p>\n\n\n\n<p>rozdiel&nbsp; &#8211; 18,44<\/p>\n\n\n\n<p>pokles o&nbsp; 24,70%<\/p>\n\n\n\n<p><em><mark style=\"background-color:rgba(0, 0, 0, 0)\" class=\"has-inline-color has-orange-color\">N\u00e1\u0161 cie\u013e sa n\u00e1m podarilo dosiahnu\u0165. Dokonca prekro\u010di\u0165.<\/mark><\/em><\/p>\n\n\n\n<p><strong>2.\u00a0<\/strong><mark style=\"background-color:rgba(0, 0, 0, 0)\" class=\"has-inline-color has-green-color\"><strong>Zn\u00ed\u017ei\u0165 objem vytvoren\u00e9ho celkov\u00e9ho vytvoren\u00e9ho odpadu o\u00a015% do konca m\u00e1ja 2025.<\/strong>\u00a0<\/mark><\/p>\n\n\n\n<p><em>Stav ku koncu marca 2025:<\/em><\/p>\n\n\n\n<p>ROK 2024: plasty 48,25 kg + papier 24,75 kg ( priemer za t\u00fd\u017ede\u0148)&nbsp;<\/p>\n\n\n\n<p>Priemern\u00e1 v\u00e1ha za rok 2024 &#8211; 16kg plastov\u00e9ho odpadu za t\u00fd\u017ede\u0148.<\/p>\n\n\n\n<p>ROK 2025: plasty 8,58 kg&nbsp;<\/p>\n\n\n\n<p>&nbsp;&nbsp;&nbsp;&nbsp;&nbsp;&nbsp;&nbsp;&nbsp;&nbsp;&nbsp;&nbsp;&nbsp;&nbsp;&nbsp;&nbsp;&nbsp;&nbsp;&nbsp;&nbsp;papier 19,25kg &#8211; priemer za t\u00fd\u017ede\u0148<\/p>\n\n\n\n<p>Za obdobie v\u00e1\u017eenia janu\u00e1r 2025 &#8211; marec 2025 pokles o<\/p>\n\n\n\n<p>papier 22,22%<\/p>\n\n\n\n<p>plasty 44,54%<\/p>\n\n\n\n<p><mark style=\"background-color:rgba(0, 0, 0, 0)\" class=\"has-inline-color has-orange-color\"><em>N\u00e1\u0161 cie\u013e sa n\u00e1m podarilo splni\u0165 aj prekro\u010di\u0165.\u00a0<\/em><\/mark><\/p>\n\n\n\n<p>Zavedenie separovania Bio odpadu zo v\u0161etk\u00fdch tried a zborovn\u00ed \u0161koly.&nbsp;<\/p>\n\n\n\n<p>Za t\u00fd\u017ede\u0148 sme vytriedili 17,48kg Bio odpadu.&nbsp;<\/p>\n\n\n\n<p>O&nbsp;t\u00fato v\u00e1hu sme zn\u00ed\u017eili vyprodukovan\u00fd komun\u00e1lny odpad, ke\u010f\u017ee sme z&nbsp;neho vytriedili bioodpad.&nbsp;<\/p>\n\n\n\n<p><\/p>\n\n\n\n<p><mark style=\"background-color:rgba(0, 0, 0, 0)\" class=\"has-inline-color has-green-color\"><strong>Predstavujeme v\u00e1m\u00a0Kol\u00e9gium Zelenej \u0161koly<\/strong><\/mark><\/p>\n\n\n\n<p>5.A&nbsp; Elissa Mitterov\u00e1, Vikt\u00f3ria \u0160eucovi\u010dov\u00e1<\/p>\n\n\n\n<p>5.B&nbsp; Nina Mal\u010dekov\u00e1, Hanka Harichov\u00e1<\/p>\n\n\n\n<p>5.C&nbsp; Betka Sedm\u00e1kov\u00e1, Barborka Lupt\u00e1kov\u00e1<\/p>\n\n\n\n<p>6.A&nbsp; Martin Chran\u010dok, Jakub Repick\u00fd<\/p>\n\n\n\n<p>6.B&nbsp; Am\u00e9lia Filipov\u00e1, Patrik Bako\u0161<\/p>\n\n\n\n<p>6.C&nbsp; Alexandra Rov\u0148anov\u00e1, Martin Karkal\u00edk<\/p>\n\n\n\n<p>7.A&nbsp; Al\u017ebetka Pachov\u00e1, Luk\u00e1\u0161 Papr\u010dka<\/p>\n\n\n\n<p>7.B&nbsp; Eiden Folt\u00e1n, Veronika Hennelov\u00e1<\/p>\n\n\n\n<p>7.C&nbsp; Viktoria Olajcov\u00e1, David Vransk\u00fd<\/p>\n\n\n\n<p>8.A&nbsp; Robo Sz\u00fador, \u0160imon Krahulec<\/p>\n\n\n\n<p>8.B&nbsp; Nina Kov\u00e1\u010dov\u00e1, Sebastian Leko<\/p>\n\n\n\n<p>8.C S\u00e1ra Pechyov\u00e1, Mat\u00fa\u0161 Roj\u00edk<\/p>\n\n\n\n<p><mark style=\"background-color:rgba(0, 0, 0, 0)\" class=\"has-inline-color has-green-color\"><strong>Junior Kol\u00e9gium<\/strong><\/mark><\/p>\n\n\n\n<p>4.A \u013dubo\u0161 Ludha, Matej Kol\u00e1r<\/p>\n\n\n\n<p>4.B Katka Jaloviarova, Martin Pocklan<\/p>\n\n\n\n<p>4.C Al\u017ebeta Kost\u00farov\u00e1, Al\u017ebetka Kratmullerov\u00e1<\/p>\n\n\n\n<p>3.A Karol\u00edna Kov\u00e1\u010dov\u00e1, Barbora Kyse\u013eov\u00e1<\/p>\n\n\n\n<p>3.B Mi\u0161ka Bo\u010dkayov\u00e1, Sandra Halu\u0161kov\u00e1<\/p>\n\n\n\n<p>3.C Zuzka Hud\u00e1\u010dekov\u00e1, Al\u017ebeta Sedl\u00e1kov\u00e1<\/p>\n","protected":false},"excerpt":{"rendered":"<p>Do programu Zelen\u00e1 \u0161kola, ako environment\u00e1lneho v\u00fdchovno-vzdel\u00e1vacieho programu pre matersk\u00e9, z\u00e1kladn\u00e9, stredn\u00e9 i&nbsp;\u0161peci\u00e1lne \u0161kola, je na\u0161a \u0161kola zapojen\u00e1 \u0161tvrt\u00fd rok. Jeho cie\u013eom je prispie\u0165 k [&hellip;]<\/p>\n","protected":false},"author":1,"featured_media":692,"parent":0,"menu_order":0,"comment_status":"closed","ping_status":"closed","template":"","meta":{"footnotes":""},"class_list":["post-85","page","type-page","status-publish","has-post-thumbnail","hentry"],"_links":{"self":[{"href":"https:\/\/5zszv.edu.sk\/index.php\/wp-json\/wp\/v2\/pages\/85","targetHints":{"allow":["GET"]}}],"collection":[{"href":"https:\/\/5zszv.edu.sk\/index.php\/wp-json\/wp\/v2\/pages"}],"about":[{"href":"https:\/\/5zszv.edu.sk\/index.php\/wp-json\/wp\/v2\/types\/page"}],"author":[{"embeddable":true,"href":"https:\/\/5zszv.edu.sk\/index.php\/wp-json\/wp\/v2\/users\/1"}],"replies":[{"embeddable":true,"href":"https:\/\/5zszv.edu.sk\/index.php\/wp-json\/wp\/v2\/comments?post=85"}],"version-history":[{"count":15,"href":"https:\/\/5zszv.edu.sk\/index.php\/wp-json\/wp\/v2\/pages\/85\/revisions"}],"predecessor-version":[{"id":955,"href":"https:\/\/5zszv.edu.sk\/index.php\/wp-json\/wp\/v2\/pages\/85\/revisions\/955"}],"wp:featuredmedia":[{"embeddable":true,"href":"https:\/\/5zszv.edu.sk\/index.php\/wp-json\/wp\/v2\/media\/692"}],"wp:attachment":[{"href":"https:\/\/5zszv.edu.sk\/index.php\/wp-json\/wp\/v2\/media?parent=85"}],"curies":[{"name":"wp","href":"https:\/\/api.w.org\/{rel}","templated":true}]}}