{"id":819,"date":"2024-03-27T08:14:28","date_gmt":"2024-03-27T07:14:28","guid":{"rendered":"https:\/\/5zszv.edu.sk\/?page_id=819"},"modified":"2026-03-03T21:25:48","modified_gmt":"2026-03-03T20:25:48","slug":"dokumenty-pre-1-rocnik-2","status":"publish","type":"page","link":"https:\/\/5zszv.edu.sk\/index.php\/dokumenty-pre-1-rocnik-2\/","title":{"rendered":"Z\u00e1pis do 1.ro\u010dn\u00edka"},"content":{"rendered":"","protected":false},"excerpt":{"rendered":"","protected":false},"author":1,"featured_media":1045,"parent":0,"menu_order":0,"comment_status":"closed","ping_status":"closed","template":"","meta":{"footnotes":""},"class_list":["post-819","page","type-page","status-publish","has-post-thumbnail","hentry"],"_links":{"self":[{"href":"https:\/\/5zszv.edu.sk\/index.php\/wp-json\/wp\/v2\/pages\/819","targetHints":{"allow":["GET"]}}],"collection":[{"href":"https:\/\/5zszv.edu.sk\/index.php\/wp-json\/wp\/v2\/pages"}],"about":[{"href":"https:\/\/5zszv.edu.sk\/index.php\/wp-json\/wp\/v2\/types\/page"}],"author":[{"embeddable":true,"href":"https:\/\/5zszv.edu.sk\/index.php\/wp-json\/wp\/v2\/users\/1"}],"replies":[{"embeddable":true,"href":"https:\/\/5zszv.edu.sk\/index.php\/wp-json\/wp\/v2\/comments?post=819"}],"version-history":[{"count":3,"href":"https:\/\/5zszv.edu.sk\/index.php\/wp-json\/wp\/v2\/pages\/819\/revisions"}],"predecessor-version":[{"id":1042,"href":"https:\/\/5zszv.edu.sk\/index.php\/wp-json\/wp\/v2\/pages\/819\/revisions\/1042"}],"wp:featuredmedia":[{"embeddable":true,"href":"https:\/\/5zszv.edu.sk\/index.php\/wp-json\/wp\/v2\/media\/1045"}],"wp:attachment":[{"href":"https:\/\/5zszv.edu.sk\/index.php\/wp-json\/wp\/v2\/media?parent=819"}],"curies":[{"name":"wp","href":"https:\/\/api.w.org\/{rel}","templated":true}]}}