{"id":80,"date":"2023-09-06T10:49:05","date_gmt":"2023-09-06T08:49:05","guid":{"rendered":"http:\/\/194.160.177.10\/?page_id=80"},"modified":"2024-02-05T09:29:48","modified_gmt":"2024-02-05T08:29:48","slug":"casopis-impulz","status":"publish","type":"page","link":"https:\/\/5zszv.edu.sk\/index.php\/casopis-impulz\/","title":{"rendered":"\u010casopis Impulz"},"content":{"rendered":"\n<p class=\"has-text-align-center\">Prin\u00e1\u0161ame v\u00e1m p\u00fatav\u00e9 pr\u00edbehy, zauj\u00edmavosti a novinky, ktor\u00e9 \u017eiaria na p\u00f3diu \u0161kolsk\u00e9ho \u017eivota.<\/p>\n\n\n\n<iframe loading=\"lazy\" src=\"https:\/\/drive.google.com\/embeddedfolderview?id=1ZxAXDzs88HUTK6pMCrbcQI5Uq491WaVA#grid\" width=\"100%\" height=\"400\" frameborder=\"0\"><\/iframe>\n","protected":false},"excerpt":{"rendered":"<p>Prin\u00e1\u0161ame v\u00e1m p\u00fatav\u00e9 pr\u00edbehy, zauj\u00edmavosti a novinky, ktor\u00e9 \u017eiaria na p\u00f3diu \u0161kolsk\u00e9ho \u017eivota.<\/p>\n","protected":false},"author":1,"featured_media":112,"parent":0,"menu_order":0,"comment_status":"closed","ping_status":"closed","template":"","meta":{"footnotes":""},"class_list":["post-80","page","type-page","status-publish","has-post-thumbnail","hentry"],"_links":{"self":[{"href":"https:\/\/5zszv.edu.sk\/index.php\/wp-json\/wp\/v2\/pages\/80","targetHints":{"allow":["GET"]}}],"collection":[{"href":"https:\/\/5zszv.edu.sk\/index.php\/wp-json\/wp\/v2\/pages"}],"about":[{"href":"https:\/\/5zszv.edu.sk\/index.php\/wp-json\/wp\/v2\/types\/page"}],"author":[{"embeddable":true,"href":"https:\/\/5zszv.edu.sk\/index.php\/wp-json\/wp\/v2\/users\/1"}],"replies":[{"embeddable":true,"href":"https:\/\/5zszv.edu.sk\/index.php\/wp-json\/wp\/v2\/comments?post=80"}],"version-history":[{"count":15,"href":"https:\/\/5zszv.edu.sk\/index.php\/wp-json\/wp\/v2\/pages\/80\/revisions"}],"predecessor-version":[{"id":603,"href":"https:\/\/5zszv.edu.sk\/index.php\/wp-json\/wp\/v2\/pages\/80\/revisions\/603"}],"wp:featuredmedia":[{"embeddable":true,"href":"https:\/\/5zszv.edu.sk\/index.php\/wp-json\/wp\/v2\/media\/112"}],"wp:attachment":[{"href":"https:\/\/5zszv.edu.sk\/index.php\/wp-json\/wp\/v2\/media?parent=80"}],"curies":[{"name":"wp","href":"https:\/\/api.w.org\/{rel}","templated":true}]}}