{"id":736,"date":"2024-02-14T09:11:08","date_gmt":"2024-02-14T08:11:08","guid":{"rendered":"https:\/\/5zszv.edu.sk\/?page_id=736"},"modified":"2024-06-04T09:09:46","modified_gmt":"2024-06-04T07:09:46","slug":"partneri","status":"publish","type":"page","link":"https:\/\/5zszv.edu.sk\/index.php\/partneri\/","title":{"rendered":"Partneri"},"content":{"rendered":"\n<p class=\"has-text-align-center\">Sme v\u010fa\u010dn\u00ed za r\u00f4zne partnerstv\u00e1, ktor\u00e9 n\u00e1m umo\u017e\u0148uj\u00fa prosperova\u0165. Spolupracujeme s partnermi, aby sme priniesli nov\u00e9 pr\u00edle\u017eitosti a inov\u00e1cie. \u010eakujeme, \u017ee ste si vybrali na\u0161u \u0161kolu a te\u0161\u00edme sa na spolo\u010dn\u00fa cestu pln\u00fa \u00faspechov.<\/p>\n\n\n\n<div style=\"height:50px\" aria-hidden=\"true\" class=\"wp-block-spacer\"><\/div>\n\n\n\n<h2 class=\"wp-block-heading has-text-align-center\"><a href=\"https:\/\/www.erasmusplus.sk\/\">Erasmus+<\/a>&nbsp;&nbsp;&nbsp;&nbsp;<\/h2>\n\n\n<div class=\"wp-block-image\">\n<figure class=\"aligncenter size-full is-resized\"><img loading=\"lazy\" decoding=\"async\" width=\"420\" height=\"120\" src=\"https:\/\/5zszv.edu.sk\/wp-content\/uploads\/2024\/02\/Logo-E.png\" alt=\"\" class=\"wp-image-760\" style=\"width:300px\" srcset=\"https:\/\/5zszv.edu.sk\/wp-content\/uploads\/2024\/02\/Logo-E.png 420w, https:\/\/5zszv.edu.sk\/wp-content\/uploads\/2024\/02\/Logo-E-300x86.png 300w\" sizes=\"auto, (max-width: 420px) 100vw, 420px\" \/><\/figure>\n<\/div>\n\n\n<div style=\"height:50px\" aria-hidden=\"true\" class=\"wp-block-spacer\"><\/div>\n\n\n\n<h2 class=\"wp-block-heading has-text-align-center\"><a href=\"https:\/\/nivam.sk\/np-ditedu\/\">Digit\u00e1lna transform\u00e1cia vzdel\u00e1vania&nbsp;&nbsp;<\/a>&nbsp;<\/h2>\n\n\n<div class=\"wp-block-image\">\n<figure class=\"aligncenter size-full is-resized\"><img loading=\"lazy\" decoding=\"async\" width=\"500\" height=\"300\" src=\"https:\/\/5zszv.edu.sk\/wp-content\/uploads\/2024\/02\/DiTEdu-logo-8.png\" alt=\"\" class=\"wp-image-765\" style=\"width:300px\" srcset=\"https:\/\/5zszv.edu.sk\/wp-content\/uploads\/2024\/02\/DiTEdu-logo-8.png 500w, https:\/\/5zszv.edu.sk\/wp-content\/uploads\/2024\/02\/DiTEdu-logo-8-300x180.png 300w\" sizes=\"auto, (max-width: 500px) 100vw, 500px\" \/><\/figure>\n<\/div>\n\n<div class=\"wp-block-image\">\n<figure class=\"aligncenter size-full is-resized\"><a href=\" https:\/\/www.ncdtv.sk\/\"><img loading=\"lazy\" decoding=\"async\" width=\"700\" height=\"410\" src=\"http:\/\/5zszv.edu.sk\/wp-content\/uploads\/2024\/06\/ncdtv-partner-web.png\" alt=\"\" class=\"wp-image-844\" style=\"width:300px\" srcset=\"https:\/\/5zszv.edu.sk\/wp-content\/uploads\/2024\/06\/ncdtv-partner-web.png 700w, https:\/\/5zszv.edu.sk\/wp-content\/uploads\/2024\/06\/ncdtv-partner-web-300x176.png 300w\" sizes=\"auto, (max-width: 700px) 100vw, 700px\" \/><\/a><\/figure>\n<\/div>\n\n\n<div style=\"height:50px\" aria-hidden=\"true\" class=\"wp-block-spacer\"><\/div>\n\n\n\n<h2 class=\"wp-block-heading has-text-align-center\"><a href=\"https:\/\/nivam.sk\/np-pop3\/\" data-type=\"link\" data-id=\"https:\/\/nivam.sk\/np-pop3\/\">NIVAM &#8211; Projekt pom\u00e1haj\u00facich profesi\u00ed&nbsp;&nbsp;<\/a>&nbsp;&nbsp;<\/h2>\n\n\n<div class=\"wp-block-image\">\n<figure class=\"aligncenter size-large is-resized\"><img loading=\"lazy\" decoding=\"async\" width=\"1024\" height=\"460\" src=\"https:\/\/5zszv.edu.sk\/wp-content\/uploads\/2024\/02\/NIVAM-POP3-ina-verzia-1024x460.jpg\" alt=\"\" class=\"wp-image-761\" style=\"width:300px\" srcset=\"https:\/\/5zszv.edu.sk\/wp-content\/uploads\/2024\/02\/NIVAM-POP3-ina-verzia-1024x460.jpg 1024w, https:\/\/5zszv.edu.sk\/wp-content\/uploads\/2024\/02\/NIVAM-POP3-ina-verzia-300x135.jpg 300w, https:\/\/5zszv.edu.sk\/wp-content\/uploads\/2024\/02\/NIVAM-POP3-ina-verzia-768x345.jpg 768w, https:\/\/5zszv.edu.sk\/wp-content\/uploads\/2024\/02\/NIVAM-POP3-ina-verzia.jpg 1190w\" sizes=\"auto, (max-width: 1024px) 100vw, 1024px\" \/><\/figure>\n<\/div>\n\n\n<div style=\"height:50px\" aria-hidden=\"true\" class=\"wp-block-spacer\"><\/div>\n\n\n\n<h2 class=\"wp-block-heading has-text-align-center\"><a href=\"https:\/\/www.umb.sk\" data-type=\"link\" data-id=\"https:\/\/www.umb.sk\">UMB Bansk\u00e1 Bystrica&nbsp;&nbsp;&nbsp;<\/a><\/h2>\n\n\n<div class=\"wp-block-image\">\n<figure class=\"aligncenter size-full is-resized\"><img loading=\"lazy\" decoding=\"async\" width=\"225\" height=\"225\" src=\"https:\/\/5zszv.edu.sk\/wp-content\/uploads\/2024\/02\/UMB.jpg\" alt=\"\" class=\"wp-image-762\" style=\"width:300px\" srcset=\"https:\/\/5zszv.edu.sk\/wp-content\/uploads\/2024\/02\/UMB.jpg 225w, https:\/\/5zszv.edu.sk\/wp-content\/uploads\/2024\/02\/UMB-150x150.jpg 150w\" sizes=\"auto, (max-width: 225px) 100vw, 225px\" \/><\/figure>\n<\/div>","protected":false},"excerpt":{"rendered":"<p>Sme v\u010fa\u010dn\u00ed za r\u00f4zne partnerstv\u00e1, ktor\u00e9 n\u00e1m umo\u017e\u0148uj\u00fa prosperova\u0165. Spolupracujeme s partnermi, aby sme priniesli nov\u00e9 pr\u00edle\u017eitosti a inov\u00e1cie. \u010eakujeme, \u017ee ste si vybrali na\u0161u [&hellip;]<\/p>\n","protected":false},"author":1,"featured_media":0,"parent":0,"menu_order":0,"comment_status":"closed","ping_status":"closed","template":"","meta":{"footnotes":""},"class_list":["post-736","page","type-page","status-publish","hentry"],"_links":{"self":[{"href":"https:\/\/5zszv.edu.sk\/index.php\/wp-json\/wp\/v2\/pages\/736","targetHints":{"allow":["GET"]}}],"collection":[{"href":"https:\/\/5zszv.edu.sk\/index.php\/wp-json\/wp\/v2\/pages"}],"about":[{"href":"https:\/\/5zszv.edu.sk\/index.php\/wp-json\/wp\/v2\/types\/page"}],"author":[{"embeddable":true,"href":"https:\/\/5zszv.edu.sk\/index.php\/wp-json\/wp\/v2\/users\/1"}],"replies":[{"embeddable":true,"href":"https:\/\/5zszv.edu.sk\/index.php\/wp-json\/wp\/v2\/comments?post=736"}],"version-history":[{"count":9,"href":"https:\/\/5zszv.edu.sk\/index.php\/wp-json\/wp\/v2\/pages\/736\/revisions"}],"predecessor-version":[{"id":847,"href":"https:\/\/5zszv.edu.sk\/index.php\/wp-json\/wp\/v2\/pages\/736\/revisions\/847"}],"wp:attachment":[{"href":"https:\/\/5zszv.edu.sk\/index.php\/wp-json\/wp\/v2\/media?parent=736"}],"curies":[{"name":"wp","href":"https:\/\/api.w.org\/{rel}","templated":true}]}}