{"id":685,"date":"2024-02-13T10:10:12","date_gmt":"2024-02-13T09:10:12","guid":{"rendered":"https:\/\/5zszv.edu.sk\/?page_id=685"},"modified":"2024-02-16T12:25:17","modified_gmt":"2024-02-16T11:25:17","slug":"ziacky-parlament","status":"publish","type":"page","link":"https:\/\/5zszv.edu.sk\/index.php\/ziacky-parlament\/","title":{"rendered":"\u017diacky parlament"},"content":{"rendered":"\n<p class=\"has-text-align-center\">\u017diacky parlament je mostom medzi mal\u00fdmi a ve\u013ek\u00fdmi v \u0161kole, kde sa hlas ka\u017ed\u00e9ho jednotlivca st\u00e1va s\u00fa\u010das\u0165ou tvorby pozit\u00edvneho vzdel\u00e1vacieho prostredia a kult\u00fary particip\u00e1cie. Je to miesto, kde sa formuje demokratick\u00fd duch a kde sa rozv\u00edja schopnos\u0165 spolupracova\u0165, komunikova\u0165 a prezentova\u0165 svoje n\u00e1pady a hodnoty.<\/p>\n\n\n\n<p class=\"has-text-align-center\">V&nbsp;\u0161kole pracuje \u017eiacky parlament. \u017diacky parlament je iniciat\u00edvnym a&nbsp;pomocn\u00fdm org\u00e1nom, vyjadruj\u00facim z\u00e1ujmy \u017eiakov v&nbsp;oblasti v\u00fdchovy a&nbsp;vzdel\u00e1vania na&nbsp;z\u00e1kladnej \u0161kole. \u017diacky parlament pri Z\u00e1kladnej \u0161kole, Hrn\u010diarska 2119\/1, 960 01 Zvolen prijal n\u00e1zov Hrn\u010diarsky snem. Je zlo\u017een\u00fd zo \u017eiakov \u0161koly, u\u010dite\u013ea druh\u00e9ho stup\u0148a a&nbsp;koordin\u00e1tora vo\u013en\u00e9ho \u010dasu . Pracuj\u00fa v&nbsp;\u0148om \u017eiaci od 4. a\u017e do 9. ro\u010dn\u00edka. Ka\u017ed\u00fa triedu v&nbsp;\u017eiackom parlamente zastupuje predseda triedy.&nbsp; Pedagogick\u00fdch zamestnancov \u0161koly zastupuje u\u010dite\u013e druh\u00e9ho stup\u0148a a&nbsp;koordin\u00e1tor vo\u013en\u00e9ho \u010dasu.&nbsp;<\/p>\n\n\n\n<p class=\"has-text-align-center\">Hrn\u010diarsky snem sa podie\u013ea na organizovan\u00ed podujat\u00ed a&nbsp;mimo\u0161kolskej \u010dinnosti \u017eiakov \u0161koly. Presadzuje a&nbsp;chr\u00e1ni z\u00e1ujmy \u017eiakov \u0161koly a&nbsp;zastupuje ich. H\u013ead\u00e1 spolo\u010dn\u00e9 postupy pri organizovan\u00ed mimo\u0161kolskej \u010dinnosti \u017eiakov, navrhuje opatrenia na zlep\u0161enie v\u0161etk\u00fdch \u010dinnost\u00ed v&nbsp;\u0161kole. Zav\u00e1dza prvky demokracie pri vz\u00e1jomnom kontakte u\u010dite\u013ea a&nbsp;\u017eiaka.&nbsp;<\/p>\n\n\n\n<p class=\"has-text-align-center\">Predseda snemu: Matej Mu\u0161ka (8.B)<\/p>\n\n\n\n<p class=\"has-text-align-center\">Podpredseda snemu: Nicolas Ridzo\u0148 (8.C)<\/p>\n\n\n\n<p class=\"has-text-align-center\">Koordin\u00e1tor snemu: Eva Hreusov\u00e1<\/p>\n\n\n\n<p class=\"has-text-align-center\">Koordin\u00e1tor vo\u013en\u00e9ho \u010dasu: Jana Englerov\u00e1<\/p>\n","protected":false},"excerpt":{"rendered":"<p>\u017diacky parlament je mostom medzi mal\u00fdmi a ve\u013ek\u00fdmi v \u0161kole, kde sa hlas ka\u017ed\u00e9ho jednotlivca st\u00e1va s\u00fa\u010das\u0165ou tvorby pozit\u00edvneho vzdel\u00e1vacieho prostredia a kult\u00fary particip\u00e1cie. Je [&hellip;]<\/p>\n","protected":false},"author":1,"featured_media":112,"parent":0,"menu_order":0,"comment_status":"closed","ping_status":"closed","template":"","meta":{"footnotes":""},"class_list":["post-685","page","type-page","status-publish","has-post-thumbnail","hentry"],"_links":{"self":[{"href":"https:\/\/5zszv.edu.sk\/index.php\/wp-json\/wp\/v2\/pages\/685","targetHints":{"allow":["GET"]}}],"collection":[{"href":"https:\/\/5zszv.edu.sk\/index.php\/wp-json\/wp\/v2\/pages"}],"about":[{"href":"https:\/\/5zszv.edu.sk\/index.php\/wp-json\/wp\/v2\/types\/page"}],"author":[{"embeddable":true,"href":"https:\/\/5zszv.edu.sk\/index.php\/wp-json\/wp\/v2\/users\/1"}],"replies":[{"embeddable":true,"href":"https:\/\/5zszv.edu.sk\/index.php\/wp-json\/wp\/v2\/comments?post=685"}],"version-history":[{"count":3,"href":"https:\/\/5zszv.edu.sk\/index.php\/wp-json\/wp\/v2\/pages\/685\/revisions"}],"predecessor-version":[{"id":795,"href":"https:\/\/5zszv.edu.sk\/index.php\/wp-json\/wp\/v2\/pages\/685\/revisions\/795"}],"wp:featuredmedia":[{"embeddable":true,"href":"https:\/\/5zszv.edu.sk\/index.php\/wp-json\/wp\/v2\/media\/112"}],"wp:attachment":[{"href":"https:\/\/5zszv.edu.sk\/index.php\/wp-json\/wp\/v2\/media?parent=685"}],"curies":[{"name":"wp","href":"https:\/\/api.w.org\/{rel}","templated":true}]}}