{"id":62,"date":"2023-09-05T21:40:34","date_gmt":"2023-09-05T19:40:34","guid":{"rendered":"http:\/\/194.160.177.10\/?page_id=62"},"modified":"2026-01-08T21:26:32","modified_gmt":"2026-01-08T20:26:32","slug":"zamestnanci","status":"publish","type":"page","link":"https:\/\/5zszv.edu.sk\/index.php\/zamestnanci\/","title":{"rendered":"Zamestnanci"},"content":{"rendered":"\n<p class=\"has-text-align-center\">Zamestnanci \u0161koly s\u00fa k\u013e\u00fa\u010dov\u00fdmi kame\u0148mi, ktor\u00e9 tvoria pevn\u00fd z\u00e1klad pre kvalitn\u00e9 vzdel\u00e1vanie a podporu rastu \u017eiakov. Ich anga\u017eovanos\u0165 a&nbsp; profesionalita neust\u00e1le pos\u00favaj\u00fa hranice vzdel\u00e1vania a formuj\u00fa pozit\u00edvne prostredie, v ktorom sa ka\u017ed\u00fd jednotlivec c\u00edti podporen\u00fd a motivovan\u00fd dosiahnu\u0165 svoj pln\u00fd potenci\u00e1l.<\/p>\n\n\n\n<div style=\"height:50px\" aria-hidden=\"true\" class=\"wp-block-spacer\"><\/div>\n\n\n\n<h1 class=\"wp-block-heading has-text-align-center\">Vedenie \u0161koly<\/h1>\n\n\n\n<hr class=\"wp-block-separator aligncenter has-alpha-channel-opacity\"\/>\n\n\n<p style=\"text-align: center;\">Riadite\u013eka \u0161koly: <strong>PaedDr. Alena Feriancov\u00e1<\/strong> &#8211; feriancova@5zszv.edu.sk<\/p>\n<p style=\"text-align: center;\">Z\u00e1stupky\u0148a R\u0160: <strong>Mgr. Veronika P\u00e1len\u00edkov\u00e1<\/strong> &#8211; palenikova@5zszv.edu.sk &#8211; 2. stupe\u0148 (\u0161tatut\u00e1rny z\u00e1stupca)<\/p>\n<p style=\"text-align: center;\">Z\u00e1stupca R\u0160: <strong>Mgr. Michal Alm\u00e1\u0161i<\/strong> &#8211; almasi@5zszv.edu.sk &#8211; 2. stupe\u0148\u00a0<\/p>\n<p style=\"text-align: center;\">Z\u00e1stupky\u0148a R\u0160: <strong>Mgr. M\u00e1ria Koberov\u00e1<\/strong> &#8211; koberova@5zszv.edu.sk &#8211; 1. stupe\u0148<\/p>\n<p style=\"text-align: center;\">\n\n\n<hr class=\"wp-block-separator has-alpha-channel-opacity is-style-wide\"\/>\n\n\n\n<p><\/p>\n\n\n\n<div class=\"wp-block-columns is-layout-flex wp-container-core-columns-is-layout-9d6595d7 wp-block-columns-is-layout-flex\">\n<div class=\"wp-block-column is-layout-flow wp-block-column-is-layout-flow\" style=\"flex-basis:50%\">\n<h2 class=\"wp-block-heading has-text-align-center\">Pedagogick\u00ed zamestnanci &#8211; 1.stupe\u0148<\/h2>\n<\/div>\n\n\n\n<div class=\"wp-block-column is-layout-flow wp-block-column-is-layout-flow\" style=\"flex-basis:50%\">\n<h2 class=\"wp-block-heading has-text-align-center\">Pedagogick\u00ed zamestnanci &#8211; 2.stupe\u0148<\/h2>\n<\/div>\n<\/div>\n\n\n\n<div class=\"wp-block-columns is-layout-flex wp-container-core-columns-is-layout-9d6595d7 wp-block-columns-is-layout-flex\">\n<div class=\"wp-block-column is-layout-flow wp-block-column-is-layout-flow\" style=\"flex-basis:50%\">\n<hr class=\"wp-block-separator aligncenter has-alpha-channel-opacity\"\/>\n<\/div>\n\n\n\n<div class=\"wp-block-column is-layout-flow wp-block-column-is-layout-flow\" style=\"flex-basis:50%\">\n<hr class=\"wp-block-separator aligncenter has-alpha-channel-opacity\"\/>\n<\/div>\n<\/div>\n\n\n\n<div class=\"wp-block-columns is-layout-flex wp-container-core-columns-is-layout-9d6595d7 wp-block-columns-is-layout-flex\">\n<div class=\"wp-block-column is-layout-flow wp-block-column-is-layout-flow\">\n<p class=\"has-text-align-center\"><strong>Mgr. Katar\u00edna Kr\u0161jakov\u00e1<\/strong><br>krsjakova@5zszv.edu.sk<\/p>\n\n\n\n<p class=\"has-text-align-center\"><strong>Mgr. Eva Badinkov\u00e1<\/strong><br>badinkova@5zszv.edu.sk<\/p>\n\n\n\n<p class=\"has-text-align-center\"><strong>Mgr. Ingrid Kanalo\u0161ov\u00e1<\/strong><br>kanalosova@5zszv.edu.sk<\/p>\n\n\n\n<p class=\"has-text-align-center\"><strong>Mgr. Ivana Dorotov\u00e1<\/strong><br>dorotova@5zszv.edu.sk<\/p>\n\n\n\n<p class=\"has-text-align-center\"><strong>Mgr. Jana Hol\u00e1<\/strong><br>hola@5zszv.edu.sk<\/p>\n\n\n\n<p class=\"has-text-align-center\"><strong>Mgr. Jana Ivankov\u00e1<\/strong><br>ivankova@5zszv.edu.sk<\/p>\n\n\n\n<p class=\"has-text-align-center\"><strong>Mgr. \u013dubica Lizo\u0148ov\u00e1 <\/strong><br>lizonova@5zszv.edu.sk<\/p>\n\n\n\n<p class=\"has-text-align-center\"><strong>Mgr. Marcela Helcmanov\u00e1<\/strong><br>helcmanova@5zszv.edu.sk<\/p>\n\n\n\n<p class=\"has-text-align-center\"><strong>Mgr. Milota Gal\u00edkov\u00e1<\/strong><br>galikova@5zszv.edu.sk<\/p>\n\n\n\n<p class=\"has-text-align-center\"><strong>Mgr. Miroslava V\u00fdbo\u0161\u0165okov\u00e1<\/strong><br>vybostokova@5zszv.edu.sk<\/p>\n\n\n\n<p class=\"has-text-align-center\"><strong>Mgr. \u0160\u00e1rka Slov\u00e1kov\u00e1<\/strong><br>slovakova@5zszv.edu.sk<\/p>\n\n\n\n<p class=\"has-text-align-center\"><strong>Mgr. Petra Seleck<\/strong>\u00e1<br>hroncova@5zszv.edu.sk<\/p>\n\n\n\n<p class=\"has-text-align-center\"><strong>Mgr. Zuzana Ver\u00e9czyov\u00e1<\/strong><br>vereczyova@5zszv.edu.sk<\/p>\n\n\n\n<p class=\"has-text-align-center\"><strong>Mgr. <strong>Alena<\/strong><\/strong> <strong>Lupt\u00e1kov\u00e1 <\/strong><br>alena.luptakova@5zszv.edu.sk<\/p>\n\n\n\n<p class=\"has-text-align-center\"><strong>Mgr. <strong>Janka<\/strong><\/strong> <strong>Ondr\u00e1\u0161ikov\u00e1 <\/strong><br>ondrasikova@5zszv.edu.sk<\/p>\n\n\n\n<p class=\"has-text-align-center\"><\/p>\n\n\n\n<h2 class=\"wp-block-heading has-text-align-center\">Pedagogick\u00ed zamestnanci &#8211; \u0160KD <\/h2>\n\n\n\n<hr class=\"wp-block-separator has-alpha-channel-opacity\"\/>\n\n\n\n<p class=\"has-text-align-center\">Ved\u00faca \u0160KD: <strong>Dana<\/strong> <strong>Markov\u00e1 <\/strong><br>markova@5zszv.edu.sk<\/p>\n\n\n\n<p class=\"has-text-align-center\">Mgr. <strong> Zuzana<\/strong> <strong>Justhov\u00e1<\/strong><br>justhova@5zszv.edu.sk<\/p>\n\n\n\n<p class=\"has-text-align-center\"><strong>Anna<\/strong> <strong>Cerovsk\u00e1 <\/strong><br>cerovska@5zszv.edu.sk<\/p>\n\n\n\n<p class=\"has-text-align-center\"><strong>Jana<\/strong> <strong>Englerov\u00e1  <\/strong><br>englerova@5zszv.edu.sk<\/p>\n\n\n\n<p class=\"has-text-align-center\"> <strong><strong>Erika<\/strong><\/strong> <strong>\u010cankyov\u00e1 <strong> <\/strong> <\/strong><br>cankyova@5zszv.edu.sk<\/p>\n\n\n\n<p class=\"has-text-align-center\"><strong>Mgr. Veronika Feriancov\u00e1 <strong> <\/strong> <\/strong><br>veronika.feriancova@5zszv.edu.sk<\/p>\n\n\n\n<p class=\"has-text-align-center\"><strong>L\u00fddia<\/strong> <strong>Harachov\u00e1 <\/strong><br>harachova@5zszv.edu.sk<\/p>\n\n\n\n<p class=\"has-text-align-center\"><strong>Vanesa<\/strong> <strong>Slamkov\u00e1 <\/strong><br>vanesa.slamkova@5zszv.edu.sk<\/p>\n\n\n\n<p class=\"has-text-align-center\"><strong>Helena<\/strong> <strong>Lupt\u00e1kov\u00e1 <\/strong><br>luptakova@5zszv.edu.sk<\/p>\n\n\n\n<p class=\"has-text-align-center\"><strong>Andrea<\/strong> <strong>Obro\u010dn\u00edkov\u00e1 <\/strong><br>obrocnikova@5zszv.edu.sk<\/p>\n\n\n\n<p class=\"has-text-align-center\"><strong>Adriana<\/strong> <strong>V\u00fdbochov\u00e1 <\/strong><br>vybochova@5zszv.edu.sk<\/p>\n\n\n\n<p class=\"has-text-align-center\"><strong>Viera Mahdalov\u00e1<\/strong><br>mahdalova@5zszv.edu.sk<\/p>\n<\/div>\n\n\n\n<div class=\"wp-block-column is-layout-flow wp-block-column-is-layout-flow\">\n<p class=\"has-text-align-center\"><strong>Mgr. Eva Hreusov\u00e1<\/strong><br>hreusova@5zszv.edu.sk<\/p>\n\n\n\n<p class=\"has-text-align-center\"><strong>Mgr. Eva Stauberov\u00e1<\/strong><br>stauberova@5zszv.edu.sk<\/p>\n\n\n\n<p class=\"has-text-align-center\"><strong>Mgr. Eva Guni\u010dov\u00e1<\/strong><br>gunicova@5zszv.edu.sk<\/p>\n\n\n\n<p class=\"has-text-align-center\"><strong>Mgr. Ivana D\u00e1vidov\u00e1<\/strong><br>davidova@5zszv.edu.sk<\/p>\n\n\n\n<p class=\"has-text-align-center\"><strong>Mgr. Ivana Nestor<\/strong><br>nestor@5zszv.edu.sk<\/p>\n\n\n\n<p class=\"has-text-align-center\"><strong>Ing. Matej Schieber<\/strong><br>schieber@5zszv.edu.sk<\/p>\n\n\n\n<p class=\"has-text-align-center\"><strong>Mgr. Timea Ba\u010dov\u00e1<\/strong><br>bacova@5zszv.edu.sk<\/p>\n\n\n\n<p class=\"has-text-align-center\"><strong>Mgr. M\u00e1ria Jarabinsk\u00e1<\/strong><br>jarabinska@5zszv.edu.sk<\/p>\n\n\n\n<p class=\"has-text-align-center\"><strong>Mgr. Marek Lupt\u00e1k<\/strong><br>luptak@5zszv.edu.sk<\/p>\n\n\n\n<p class=\"has-text-align-center\"><strong>Mgr. Martin Vengl\u00e1r<\/strong><br>venglar@5zszv.edu.sk<\/p>\n\n\n\n<p class=\"has-text-align-center\"><strong>Mgr. Michal Volentier<\/strong><br>volentier@5zszv.edu.sk<\/p>\n\n\n\n<p class=\"has-text-align-center\"><strong>Mgr. Miroslava Borb\u00e9lyov\u00e1<\/strong><br>borbelyova@5zszv.edu.sk<\/p>\n\n\n\n<p class=\"has-text-align-center\"><strong>Mgr. Patr\u00edcia Valent\u00ednov\u00e1<\/strong><br>valentinova@5zszv.edu.sk<\/p>\n\n\n\n<p class=\"has-text-align-center\"><strong>Mgr. Radka Hanzelov\u00e1<\/strong><br>hanzelova@5zszv.edu.sk<\/p>\n\n\n\n<p class=\"has-text-align-center\"><strong>Mgr. Sidonia Bal\u00e1\u017eov\u00e1<\/strong><br>sidonia.balazova@5zszv.edu.sk<\/p>\n\n\n\n<p class=\"has-text-align-center\"><strong>Mgr. So\u0148a Lajto\u0161ov\u00e1<\/strong><br>lajtosova@5zszv.edu.sk<\/p>\n\n\n\n<p class=\"has-text-align-center\"><strong>Mgr. Zdenka Barjakov\u00e1<\/strong><br>barjakova@5zszv.edu.sk<\/p>\n\n\n\n<p class=\"has-text-align-center\"><strong>Mgr. Zuzana Alm\u00e1\u0161i L\u00e1szl\u00f3ov\u00e1<\/strong><br>laszloova@5zszv.edu.sk<\/p>\n\n\n\n<p class=\"has-text-align-center\"><strong>Mgr. Zuzana Li\u010d\u00e1kov\u00e1<\/strong><br>licakova@5zszv.edu.sk<\/p>\n\n\n\n<p class=\"has-text-align-center\"><strong>PaedDr. Adriana Hrnkov\u00e1<\/strong><br>hrnkova@5zszv.edu.sk<\/p>\n\n\n\n<p class=\"has-text-align-center\"><strong>PaedDr. Lucia Bo\u0161e\u013eov\u00e1<\/strong><br>boselova@5zszv.edu.sk<\/p>\n\n\n\n<p class=\"has-text-align-center\"><strong> Mgr. Eva Grajciarov\u00e1<\/strong>, <strong>PhD.<\/strong><br>grajciarova@5zssv.edu.sk<\/p>\n\n\n\n<p class=\"has-text-align-center\"><strong>Mgr. So\u0148a Lajto\u0161ov\u00e1<\/strong><br>lajtosova@5zszv.edu.sk<\/p>\n\n\n\n<p class=\"has-text-align-center\"><strong>Mgr. Juraj Li\u010d\u00e1k<\/strong><br>licak@5zszv.edu.sk<\/p>\n\n\n\n<p class=\"has-text-align-center\"><strong>PaedDr. Ladislava Uhliarov\u00e1<\/strong><br>uhliarova@5zszv.edu.sk<\/p>\n\n\n\n<p class=\"has-text-align-center\"><strong>Mgr. <strong>Lenka<\/strong><\/strong> <strong>B\u00e1le\u0161ov\u00e1 <\/strong><br>balesova@5zszv.edu.sk<\/p>\n<\/div>\n<\/div>\n\n\n\n<hr class=\"wp-block-separator has-alpha-channel-opacity is-style-wide\"\/>\n\n\n\n<p><\/p>\n\n\n\n<p><\/p>\n\n\n\n<h1 class=\"wp-block-heading has-text-align-center\"><a href=\"https:\/\/5zszv.edu.sk\/index.php\/poradenstvo\/\" data-type=\"page\" data-id=\"221\">\u0160kolsk\u00fd podporn\u00fd t\u00edm<\/a><\/h1>\n\n\n\n<hr class=\"wp-block-separator aligncenter has-alpha-channel-opacity\"\/>\n\n\n\n<p class=\"has-text-align-center\"><strong>\u0160kolsk\u00e1 \u0161peci\u00e1lna pedagogi\u010dka, koordin\u00e1torka \u0160PT:<\/strong> Mgr. Zuzana Schieberov\u00e1  (schieberova@5zszv.edu.sk)<\/p>\n\n\n\n<p class=\"has-text-align-center\"><strong>Soci\u00e1lna pedagogi\u010dka, v\u00fdchovn\u00e1 poradky\u0148a:<\/strong> Mgr. Daniela Hanesov\u00e1  (hanesova@5zszv.edu.sk)<\/p>\n\n\n\n<p class=\"has-text-align-center\"><strong>\u0160kolsk\u00e1 psychologi\u010dka:<\/strong> Mgr. \u017daneta Ple\u0161iv\u010diakov\u00e1 (plesivciakova@5zszv.edu.sk)<\/p>\n\n\n\n<p class=\"has-text-align-center\"><strong>Pedagogick\u00e9 asistenky:<\/strong> Bc. Marcela Diani\u0161kov\u00e1 , Bc. Katar\u00edna Fi\u013eov\u00e1 , Ing. Anna \u0160trihov\u00e1 , Bc. Eva Sedliakov\u00e1 , Mgr. Veronika Feriancov\u00e1 , Mgr. Alena Lupt\u00e1kov\u00e1, Bc. Katar\u00edna Repkov\u00e1 <\/p>\n\n\n\n<p class=\"has-text-align-center\"><strong>Pracovn\u00e9 poz\u00edcie z projektu &#8222;Pr\u00edle\u017eitos\u0165 pre v\u0161etk\u00fdch: <\/strong><\/p>\n\n\n\n<p class=\"has-text-align-center\"><strong>soci\u00e1lna pedagogi\u010dka: <\/strong>Mgr. Ingrid Hamar\u00edkov\u00e1 (hamarikova@5zszv.edu.sk)<\/p>\n\n\n\n<p class=\"has-text-align-center\"><strong>pedagogick\u00e1 asistentka<\/strong>: Mgr. Diana Pau\u010dov\u00e1 Melicher\u010d\u00edkov\u00e1 (paucova@5zszv.edu.sk)<\/p>\n\n\n\n<hr class=\"wp-block-separator has-alpha-channel-opacity is-style-wide\"\/>\n\n\n\n<div style=\"height:50px\" aria-hidden=\"true\" class=\"wp-block-spacer\"><\/div>\n\n\n\n<h1 class=\"wp-block-heading has-text-align-center\">Administrat\u00edva<\/h1>\n\n\n\n<hr class=\"wp-block-separator aligncenter has-alpha-channel-opacity\"\/>\n\n\n\n<p class=\"has-text-align-center\">Ekon\u00f3mka: <strong>Ing. Jana Uhn\u00e1kov\u00e1<\/strong> &#8211; uhnakova@5zszv.edu.sk<\/p>\n\n\n\n<p class=\"has-text-align-center\">Administrat\u00edvna zamestnanky\u0148a: <strong>Michaela Ber\u00e1ckov\u00e1<\/strong> &#8211; michaela.berackova@5zszv.edu.sk<\/p>\n\n\n\n<p class=\"has-text-align-center\"><\/p>\n\n\n\n<hr class=\"wp-block-separator has-alpha-channel-opacity is-style-wide\"\/>\n\n\n\n<div style=\"height:50px\" aria-hidden=\"true\" class=\"wp-block-spacer\"><\/div>\n\n\n\n<h1 class=\"wp-block-heading has-text-align-center\">Zamestnanci \u0161kolskej jed\u00e1lne<\/h1>\n\n\n\n<hr class=\"wp-block-separator aligncenter has-alpha-channel-opacity\"\/>\n\n\n\n<p class=\"has-text-align-center\">Ved\u00faca \u0160J: Slep\u010danov\u00e1 Margita<\/p>\n\n\n\n<p class=\"has-text-align-center\">Administrat\u00edvna zamestnanky\u0148a: Ing. Krn\u00e1\u010dov\u00e1 Sylvia<\/p>\n\n\n\n<p class=\"has-text-align-center\">Kuch\u00e1rky a pomocn\u00e9 sily: Koryt\u00e1rov\u00e1 Em\u00edlia, \u0160akov\u00e1 Elena, Ferikov\u00e1 Anna, Hrabovsk\u00e1 Jana, Dud\u00e1\u0161ov\u00e1 Lucia, Hricov\u00e1 \u0160tef\u00e1nia, Sek\u00e1\u010dov\u00e1 J\u00falia, M\u00e1ria Str\u00e1\u0148avsk\u00e1, Kuglerov\u00e1 M\u00e1ria (MD), Rajmanov\u00e1 Ivana<\/p>\n\n\n\n<hr class=\"wp-block-separator has-alpha-channel-opacity is-style-wide\"\/>\n\n\n\n<h1 class=\"wp-block-heading has-text-align-center\">\u0160koln\u00edci<\/h1>\n\n\n\n<hr class=\"wp-block-separator aligncenter has-alpha-channel-opacity\"\/>\n\n\n\n<p class=\"has-text-align-center\">\u0160koln\u00edk &#8211; \u00fadr\u017eb\u00e1r: J\u00e1n P\u00e1len\u00edk<\/p>\n\n\n\n<p class=\"has-text-align-center\">\u0160koln\u00edk &#8211; spr\u00e1vca are\u00e1lu: Kamil Dinde\u0161<\/p>\n\n\n\n<p><\/p>\n","protected":false},"excerpt":{"rendered":"<p>Zamestnanci \u0161koly s\u00fa k\u013e\u00fa\u010dov\u00fdmi kame\u0148mi, ktor\u00e9 tvoria pevn\u00fd z\u00e1klad pre kvalitn\u00e9 vzdel\u00e1vanie a podporu rastu \u017eiakov. Ich anga\u017eovanos\u0165 a&nbsp; profesionalita neust\u00e1le pos\u00favaj\u00fa hranice vzdel\u00e1vania a [&hellip;]<\/p>\n","protected":false},"author":1,"featured_media":110,"parent":0,"menu_order":0,"comment_status":"closed","ping_status":"closed","template":"","meta":{"footnotes":""},"class_list":["post-62","page","type-page","status-publish","has-post-thumbnail","hentry"],"_links":{"self":[{"href":"https:\/\/5zszv.edu.sk\/index.php\/wp-json\/wp\/v2\/pages\/62","targetHints":{"allow":["GET"]}}],"collection":[{"href":"https:\/\/5zszv.edu.sk\/index.php\/wp-json\/wp\/v2\/pages"}],"about":[{"href":"https:\/\/5zszv.edu.sk\/index.php\/wp-json\/wp\/v2\/types\/page"}],"author":[{"embeddable":true,"href":"https:\/\/5zszv.edu.sk\/index.php\/wp-json\/wp\/v2\/users\/1"}],"replies":[{"embeddable":true,"href":"https:\/\/5zszv.edu.sk\/index.php\/wp-json\/wp\/v2\/comments?post=62"}],"version-history":[{"count":71,"href":"https:\/\/5zszv.edu.sk\/index.php\/wp-json\/wp\/v2\/pages\/62\/revisions"}],"predecessor-version":[{"id":1006,"href":"https:\/\/5zszv.edu.sk\/index.php\/wp-json\/wp\/v2\/pages\/62\/revisions\/1006"}],"wp:featuredmedia":[{"embeddable":true,"href":"https:\/\/5zszv.edu.sk\/index.php\/wp-json\/wp\/v2\/media\/110"}],"wp:attachment":[{"href":"https:\/\/5zszv.edu.sk\/index.php\/wp-json\/wp\/v2\/media?parent=62"}],"curies":[{"name":"wp","href":"https:\/\/api.w.org\/{rel}","templated":true}]}}