{"id":60,"date":"2023-09-05T21:38:53","date_gmt":"2023-09-05T19:38:53","guid":{"rendered":"http:\/\/194.160.177.10\/?page_id=60"},"modified":"2024-02-14T08:41:26","modified_gmt":"2024-02-14T07:41:26","slug":"projekty","status":"publish","type":"page","link":"https:\/\/5zszv.edu.sk\/index.php\/projekty\/","title":{"rendered":"Projekty a aktivity"},"content":{"rendered":"\n<p>Vzdel\u00e1vac\u00ed proces neprebieha iba v triedach a pod\u013ea pou\u017e\u00edvan\u00fdch u\u010debn\u00edc a pracovn\u00fdch zo\u0161itov. Vzdel\u00e1vanie a rozvoj \u017eiakov dop\u013a\u0148ame r\u00f4znymi aktivitami a projektami. \u017diaci sa m\u00f4\u017eu zap\u00e1ja\u0165 do s\u00fa\u0165a\u017e\u00ed a mimo\u0161kolsk\u00fdch aktiv\u00edt. Sme radi, ak si ka\u017ed\u00fd n\u00e1jde po\u010das \u0161kolsk\u00e9ho roka oblasti svojho rozvoja a z\u00e1ujmu. Nechceme dosiahnu\u0165 dokonalos\u0165, d\u00f4le\u017eit\u00fd je proces.<\/p>\n\n\n\n<h2 class=\"wp-block-heading has-text-align-center\">Projekty v \u017eivote \u0161koly<\/h2>\n\n\n\n<p><\/p>\n\n\n\n<p>\u0160kola je st\u00e1lym partnerom v projektoch, organizuje pravideln\u00e9 aj pr\u00edle\u017eitostn\u00e9, \u0161kolsk\u00e9 aj mimo\u0161kolsk\u00e9 \u010dinnosti. Cie\u013eom je  aktivizova\u0165 \u017eiakov a poskytova\u0165 z\u00e1\u017eitkov\u00e9 u\u010denie. <\/p>\n\n\n\n<div class=\"wp-block-group is-vertical is-layout-flex wp-container-core-group-is-layout-8cf370e7 wp-block-group-is-layout-flex\">\n<p>Zelen\u00e1 \u0161kola &#8211; sme dr\u017eite\u013emi vlajky Zelenej \u0161koly z roku 2023<\/p>\n\n\n\n<p>ERASMUS+ &#8211; sme dr\u017eite\u013emi akredit\u00e1cie 2021-2027<\/p>\n\n\n\n<p>DELESUN &#8211; detsk\u00e1 lesn\u00edcka univerzita<\/p>\n\n\n\n<p>Detsk\u00e1 hasi\u010dsk\u00e1 univerzita<\/p>\n\n\n\n<p>Tr\u00e9neri v \u0161kole<\/p>\n\n\n\n<p>Lesn\u00e1 pedagogika<\/p>\n\n\n\n<p>Prij\u00edmame \u0161tudentov na priebe\u017en\u00fa aj s\u00favisl\u00fa pedagogick\u00fa prax<\/p>\n\n\n\n<p>Spolupracujeme na aktu\u00e1lnych ponuk\u00e1ch: Civiliz\u00e1cia, Exped\u00edcia, \u017didovsk\u00e9 cintor\u00edny, \u0160koly za demokraciu, Otvoren\u00fd depozit\u00e1r, Demokratick\u00e9 a Inkluzivne&nbsp; \u0161kolsk\u00e9 prostredie pre v\u0161etk\u00fdch.<\/p>\n<\/div>\n\n\n\n<h2 class=\"wp-block-heading has-text-align-center\">Pravideln\u00e9 aktivity \u0161koly<\/h2>\n\n\n\n<p><\/p>\n\n\n\n<div class=\"wp-block-group is-vertical is-layout-flex wp-container-core-group-is-layout-8cf370e7 wp-block-group-is-layout-flex\">\n<p>P\u00e4\u0165k\u00e1rska olympi\u00e1da &#8211; atletick\u00e9 discipl\u00edny pre 1. aj 2.stupe\u0148<\/p>\n\n\n\n<p>Eur\u00f3psky de\u0148 jazykov &#8211; zauj\u00edmav\u00e9 aktivity v cudz\u00edch jazykoch pre mal\u00fdch aj ve\u013ek\u00fdch<\/p>\n\n\n\n<p>Erasmusdays &#8211; \u0161\u00edrime my\u0161lienky programu ERASMUS+ a zdie\u013eame svoje z\u00e1\u017eitky a sk\u00fasenosti<\/p>\n\n\n\n<p>Aktivity ku D\u0148u Zeme <\/p>\n\n\n\n<p>Vedpar\u00e1da &#8211; veda je z\u00e1bava, tvrdia \u017eiaci 1. &#8211; 4. ro\u010dn\u00edka<\/p>\n\n\n\n<p>Ly\u017eiarsky v\u00fdcvik \u017eiakov 3. a 7. ro\u010dn\u00edka<\/p>\n\n\n\n<p>Plaveck\u00fd v\u00fdcvik \u017eiakov 2. a 5. ro\u010dn\u00edka<\/p>\n\n\n\n<p>EDUCATE Slovakia &#8211; lekcie anglick\u00e9ho jazyka s dobrovo\u013en\u00edkmi z cel\u00e9ho sveta<\/p>\n\n\n\n<p>KOMPARO 8. a 9. ro\u010dn\u00edk<\/p>\n\n\n\n<p>Testovanie profesijnej orient\u00e1cie pre \u017eiakov 8. ro\u010dn\u00edka<\/p>\n\n\n\n<p>Rodi\u010dia \u010d\u00edtaj\u00fa de\u0165om<\/p>\n\n\n\n<p>Lesn\u00e1 pedagogika<\/p>\n\n\n\n<p>K\u00fazeln\u00fd karneval<\/p>\n\n\n\n<p>N\u00e1v\u0161tevy kni\u017enice<\/p>\n\n\n\n<p>Farebn\u00fd t\u00fd\u017ede\u0148 zdravia<\/p>\n\n\n\n<p>\u010citate\u013esk\u00fd marat\u00f3n<\/p>\n\n\n\n<p>Prekvap ma rozpr\u00e1vkovou postavou<\/p>\n\n\n\n<p>\u010citate\u013esk\u00ed b\u00e1datelia<\/p>\n\n\n\n<p>Letn\u00fd t\u00e1bor \u0160KD<\/p>\n<\/div>\n\n\n\n<h2 class=\"wp-block-heading has-text-align-center\">S\u00fa\u0165a\u017ee <\/h2>\n\n\n\n<p><\/p>\n\n\n\n<div class=\"wp-block-group is-vertical is-layout-flex wp-container-core-group-is-layout-8cf370e7 wp-block-group-is-layout-flex\">\n<p>Predmetov\u00e9 olympi\u00e1dy (matematick\u00e1, technick\u00e1, fyzik\u00e1lna, dejepisn\u00e1, geografick\u00e1, biologick\u00e1, chemick\u00e1, zo slovensk\u00e9ho jazyka, z anglick\u00e9ho, nemeck\u00e9ho a franc\u00fazskeho jazyka )<\/p>\n\n\n\n<p>archimedi\u00e1da, pytagori\u00e1da, jazykov\u00fd kvet, finan\u010dn\u00e1 gramotnos\u0165, \u0160aliansky Ma\u0165ko, Hviezdoslavov Kub\u00edn, Klokanko, V\u0161etkovedko, Sl\u00e1vik Slovenska, JunioAchievment, <\/p>\n\n\n\n<p>\u0160portov\u00e9 s\u00fa\u0165a\u017ee (futbal, floorbal, volejbal, basketbal, atletika)<\/p>\n\n\n\n<p>IQ olympi\u00e1da<\/p>\n\n\n\n<p>IT Fitness Test<\/p>\n<\/div>\n\n\n\n<h2 class=\"wp-block-heading has-text-align-center\">Mimo\u0161kolsk\u00e9 aktivity<\/h2>\n\n\n\n<p><\/p>\n\n\n\n<div class=\"wp-block-group is-vertical is-layout-flex wp-container-core-group-is-layout-8cf370e7 wp-block-group-is-layout-flex\">\n<p>Exkurzie &#8211; region\u00e1lne, celoslovensk\u00e9 a zahrani\u010dn\u00e9 (Budape\u0161\u0165, Viede\u0148, Osvien\u010dim, Krakow, Praha)<\/p>\n\n\n\n<p>Pozn\u00e1vacie z\u00e1jazdy &#8211; pod\u013ea aktu\u00e1lnej ponuky, mo\u017enost\u00ed a z\u00e1ujmu (Lond\u00fdn, Par\u00ed\u017e, \u0160vaj\u010diarsko, jazykov\u00e9 pobyty)<\/p>\n<\/div>\n\n\n\n<p><\/p>\n\n\n\n<iframe loading=\"lazy\" src=\"https:\/\/drive.google.com\/embeddedfolderview?id=1oC1FEvIXOjs5PHwrGmYT5zfrXhdDVQSv#list\" width=\"100%\" height=\"600\" frameborder=\"0\"><\/iframe>\n","protected":false},"excerpt":{"rendered":"<p>Vzdel\u00e1vac\u00ed proces neprebieha iba v triedach a pod\u013ea pou\u017e\u00edvan\u00fdch u\u010debn\u00edc a pracovn\u00fdch zo\u0161itov. Vzdel\u00e1vanie a rozvoj \u017eiakov dop\u013a\u0148ame r\u00f4znymi aktivitami a projektami. \u017diaci sa m\u00f4\u017eu [&hellip;]<\/p>\n","protected":false},"author":1,"featured_media":112,"parent":0,"menu_order":0,"comment_status":"closed","ping_status":"closed","template":"","meta":{"footnotes":""},"class_list":["post-60","page","type-page","status-publish","has-post-thumbnail","hentry"],"_links":{"self":[{"href":"https:\/\/5zszv.edu.sk\/index.php\/wp-json\/wp\/v2\/pages\/60","targetHints":{"allow":["GET"]}}],"collection":[{"href":"https:\/\/5zszv.edu.sk\/index.php\/wp-json\/wp\/v2\/pages"}],"about":[{"href":"https:\/\/5zszv.edu.sk\/index.php\/wp-json\/wp\/v2\/types\/page"}],"author":[{"embeddable":true,"href":"https:\/\/5zszv.edu.sk\/index.php\/wp-json\/wp\/v2\/users\/1"}],"replies":[{"embeddable":true,"href":"https:\/\/5zszv.edu.sk\/index.php\/wp-json\/wp\/v2\/comments?post=60"}],"version-history":[{"count":17,"href":"https:\/\/5zszv.edu.sk\/index.php\/wp-json\/wp\/v2\/pages\/60\/revisions"}],"predecessor-version":[{"id":661,"href":"https:\/\/5zszv.edu.sk\/index.php\/wp-json\/wp\/v2\/pages\/60\/revisions\/661"}],"wp:featuredmedia":[{"embeddable":true,"href":"https:\/\/5zszv.edu.sk\/index.php\/wp-json\/wp\/v2\/media\/112"}],"wp:attachment":[{"href":"https:\/\/5zszv.edu.sk\/index.php\/wp-json\/wp\/v2\/media?parent=60"}],"curies":[{"name":"wp","href":"https:\/\/api.w.org\/{rel}","templated":true}]}}