{"id":570,"date":"2024-02-05T09:03:13","date_gmt":"2024-02-05T08:03:13","guid":{"rendered":"https:\/\/5zszv.edu.sk\/?page_id=570"},"modified":"2024-02-06T10:04:50","modified_gmt":"2024-02-06T09:04:50","slug":"zvonenie","status":"publish","type":"page","link":"https:\/\/5zszv.edu.sk\/index.php\/zvonenie\/","title":{"rendered":"Zvonenie"},"content":{"rendered":"\n<h2 class=\"wp-block-heading has-text-align-center\">Vyu\u010dovac\u00ed \u010das &#8211; <strong>PONDELOK<\/strong><\/h2>\n\n\n\n<figure class=\"wp-block-table aligncenter\"><table><tbody><tr><td class=\"has-text-align-center\" data-align=\"center\">Rann\u00e1 komunita<\/td><td class=\"has-text-align-center\" data-align=\"center\">1. hodina<\/td><td class=\"has-text-align-center\" data-align=\"center\">2. hodina<\/td><td class=\"has-text-align-center\" data-align=\"center\">3. hodina<\/td><td class=\"has-text-align-center\" data-align=\"center\">4. hodina<\/td><td class=\"has-text-align-center\" data-align=\"center\">5. hodina<\/td><td class=\"has-text-align-center\" data-align=\"center\">6. hodina<\/td><td class=\"has-text-align-center\" data-align=\"center\">7. hodina<\/td><\/tr><tr><td class=\"has-text-align-center\" data-align=\"center\">7:45 &#8211; 8:00<\/td><td class=\"has-text-align-center\" data-align=\"center\">8:10 &#8211; 8:55<\/td><td class=\"has-text-align-center\" data-align=\"center\">9:05 &#8211; 9:50<\/td><td class=\"has-text-align-center\" data-align=\"center\">10:05 &#8211; 10:50<\/td><td class=\"has-text-align-center\" data-align=\"center\">11:00 &#8211; 11:45<\/td><td class=\"has-text-align-center\" data-align=\"center\">11:55 &#8211; 12:40<\/td><td class=\"has-text-align-center\" data-align=\"center\">12:45 &#8211; 13:30<\/td><td class=\"has-text-align-center\" data-align=\"center\">14:00 &#8211; 14:45<\/td><\/tr><\/tbody><\/table><\/figure>\n\n\n\n<h2 class=\"wp-block-heading has-text-align-center\">Vyu\u010dovac\u00ed \u010das &#8211; <strong>UTOROK &#8211; PIATOK<\/strong><\/h2>\n\n\n\n<figure class=\"wp-block-table aligncenter\"><table><tbody><tr><td class=\"has-text-align-center\" data-align=\"center\">1. hodina<\/td><td class=\"has-text-align-center\" data-align=\"center\">2. hodina<\/td><td class=\"has-text-align-center\" data-align=\"center\">3. hodina<\/td><td class=\"has-text-align-center\" data-align=\"center\">4. hodina<\/td><td class=\"has-text-align-center\" data-align=\"center\">5. hodina<\/td><td class=\"has-text-align-center\" data-align=\"center\">6. hodina<\/td><td class=\"has-text-align-center\" data-align=\"center\">7. hodina<\/td><\/tr><tr><td class=\"has-text-align-center\" data-align=\"center\">7:45 &#8211; 8:30<\/td><td class=\"has-text-align-center\" data-align=\"center\">8:40 &#8211; 9:25<\/td><td class=\"has-text-align-center\" data-align=\"center\">9:45 &#8211; 10:30<\/td><td class=\"has-text-align-center\" data-align=\"center\">10:40 &#8211; 11:25<\/td><td class=\"has-text-align-center\" data-align=\"center\">11:35 &#8211; 12:20<\/td><td class=\"has-text-align-center\" data-align=\"center\">12:30 &#8211; 13:15<\/td><td class=\"has-text-align-center\" data-align=\"center\">13:45 &#8211; 14:30<\/td><\/tr><\/tbody><\/table><\/figure>\n\n\n\n<h2 class=\"wp-block-heading has-text-align-center\">Hygienick\u00e9 prest\u00e1vky<\/h2>\n\n\n\n<figure class=\"wp-block-table aligncenter\"><table><tbody><tr><td class=\"has-text-align-center\" data-align=\"center\">Po 4. vyu\u010d. hod.<\/td><td class=\"has-text-align-center\" data-align=\"center\">Po 5. vyu\u010d. hod.<\/td><td class=\"has-text-align-center\" data-align=\"center\">Po 6. vyu\u010d. hod.<\/td><\/tr><tr><td class=\"has-text-align-center\" data-align=\"center\">11:45 &#8211; 12:15<\/td><td class=\"has-text-align-center\" data-align=\"center\">12:40 &#8211; 13:10<\/td><td class=\"has-text-align-center\" data-align=\"center\">13:30 &#8211; 14:00<\/td><\/tr><\/tbody><\/table><\/figure>\n","protected":false},"excerpt":{"rendered":"<p>Vyu\u010dovac\u00ed \u010das &#8211; PONDELOK Rann\u00e1 komunita 1. hodina 2. hodina 3. hodina 4. hodina 5. hodina 6. hodina 7. hodina 7:45 &#8211; 8:00 8:10 &#8211; [&hellip;]<\/p>\n","protected":false},"author":1,"featured_media":112,"parent":0,"menu_order":0,"comment_status":"closed","ping_status":"closed","template":"","meta":{"footnotes":""},"class_list":["post-570","page","type-page","status-publish","has-post-thumbnail","hentry"],"_links":{"self":[{"href":"https:\/\/5zszv.edu.sk\/index.php\/wp-json\/wp\/v2\/pages\/570","targetHints":{"allow":["GET"]}}],"collection":[{"href":"https:\/\/5zszv.edu.sk\/index.php\/wp-json\/wp\/v2\/pages"}],"about":[{"href":"https:\/\/5zszv.edu.sk\/index.php\/wp-json\/wp\/v2\/types\/page"}],"author":[{"embeddable":true,"href":"https:\/\/5zszv.edu.sk\/index.php\/wp-json\/wp\/v2\/users\/1"}],"replies":[{"embeddable":true,"href":"https:\/\/5zszv.edu.sk\/index.php\/wp-json\/wp\/v2\/comments?post=570"}],"version-history":[{"count":5,"href":"https:\/\/5zszv.edu.sk\/index.php\/wp-json\/wp\/v2\/pages\/570\/revisions"}],"predecessor-version":[{"id":598,"href":"https:\/\/5zszv.edu.sk\/index.php\/wp-json\/wp\/v2\/pages\/570\/revisions\/598"}],"wp:featuredmedia":[{"embeddable":true,"href":"https:\/\/5zszv.edu.sk\/index.php\/wp-json\/wp\/v2\/media\/112"}],"wp:attachment":[{"href":"https:\/\/5zszv.edu.sk\/index.php\/wp-json\/wp\/v2\/media?parent=570"}],"curies":[{"name":"wp","href":"https:\/\/api.w.org\/{rel}","templated":true}]}}