{"id":55,"date":"2023-09-05T21:08:28","date_gmt":"2023-09-05T19:08:28","guid":{"rendered":"http:\/\/194.160.177.10\/?page_id=55"},"modified":"2026-01-08T21:29:52","modified_gmt":"2026-01-08T20:29:52","slug":"skd","status":"publish","type":"page","link":"https:\/\/5zszv.edu.sk\/index.php\/skd\/","title":{"rendered":"\u0160KD"},"content":{"rendered":"\n<h1 class=\"wp-block-heading has-text-align-center\">\u0160kolsk\u00fd klub det\u00ed<\/h1>\n\n\n\n<p class=\"has-text-align-center\">Charakterizuje ponuku \u0161irok\u00e9ho spektra r\u00f4znorod\u00fdch \u010dinnost\u00ed a pr\u00edle\u017eitost\u00ed z\u00e1ujmov\u00e9ho vzdel\u00e1vania a<br>v\u00fdchovy, ktor\u00e9 predkladaj\u00fa die\u0165a\u0165u bl\u00edzke a zrozumite\u013en\u00e9 t\u00e9my. Tie vych\u00e1dzaj\u00fa z V\u00fdchovn\u00e9ho<br>programu \u0160KD a z prirodzenej zvedavosti, t\u00fa\u017ebe po poznan\u00ed, bezpe\u010d\u00ed a&nbsp;l\u00e1ske. V \u0161kolskom klube det\u00ed je<br>\u0161irok\u00e9 spektrum mo\u017enost\u00ed efekt\u00edvneho a zmyslupln\u00e9ho tr\u00e1venia vo\u013en\u00e9ho \u010dasu. Aktivity a \u010dinnosti<br>realizovan\u00e9 v r\u00e1mci vo\u013en\u00e9ho \u010dasu prin\u00e1\u0161aj\u00fa de\u0165om hlavne priestor pre sebarealiz\u00e1ciu, socializ\u00e1ciu,<br>relax\u00e1ciu a&nbsp;komunik\u00e1ciu.<br>\u0160kolsk\u00fd klub je v \u010dinnosti aj po\u010das \u0161kolsk\u00fdch pr\u00e1zdnin (jarn\u00e9 pr\u00e1zdniny, prv\u00fd t\u00fd\u017ede\u0148 letn\u00fdch pr\u00e1zdnin).<br>Deti spoznali po\u010das celodenn\u00fdch v\u00fdletov nov\u00e9 mest\u00e1, zapojili sa do mno\u017estva aktiv\u00edt zameran\u00fdch na<br>pohyb, zru\u010dnos\u0165, relax\u00e1ciu a pozn\u00e1vanie.<br>Najv\u00e4\u010d\u0161ou odmenou pre n\u00e1s je rados\u0165 a \u0161\u0165astie z tvorivej pr\u00e1ce v o\u010diach na\u0161ich det\u00ed.<\/p>\n\n\n\n<p><\/p>\n\n\n\n<div style=\"height:100px\" aria-hidden=\"true\" class=\"wp-block-spacer\"><\/div>\n\n\n\n<figure class=\"wp-block-table aligncenter is-style-stripes\"><table><tbody><tr><td class=\"has-text-align-center\" data-align=\"center\"><strong>Prev\u00e1dzka<\/strong><\/td><td><strong>R\u00e1no<\/strong><\/td><td class=\"has-text-align-center\" data-align=\"center\"><strong>Popoludn\u00ed<\/strong><\/td><\/tr><tr><td class=\"has-text-align-center\" data-align=\"center\">Pondelok &#8211; Piatok<\/td><td>6:15 &#8211; 7:45<\/td><td class=\"has-text-align-center\" data-align=\"center\">Koniec vyu\u010dovania a\u017e 17:00<\/td><\/tr><\/tbody><\/table><\/figure>\n\n\n\n<div class=\"wp-block-columns is-layout-flex wp-container-core-columns-is-layout-9d6595d7 wp-block-columns-is-layout-flex\">\n<div class=\"wp-block-column is-layout-flow wp-block-column-is-layout-flow\" style=\"flex-basis:100%\">\n<div class=\"wp-block-group\"><div class=\"wp-block-group__inner-container is-layout-constrained wp-block-group-is-layout-constrained\">\n<p class=\"has-text-align-center\">\u00dadaje potrebn\u00e9 pre jednor\u00e1zov\u00fd pr\u00edkaz za \u0160KD 72\u20ac za mesiace september a\u017e december.<br>\u00dadaje potrebn\u00e9 pre jednor\u00e1zov\u00fd pr\u00edkaz za \u0160KD 108\u20ac za mesiace janu\u00e1r a\u017e j\u00fan.<\/p>\n\n\n\n<p class=\"has-text-align-center\"><br>Pe\u0148a\u017en\u00fd \u00fastav: V\u00daB, a. s., pobo\u010dka Zvolen<br>N\u00e1zov \u00fa\u010dtu: ZS HRNCIARSKA ZVOLEN<br>\u010c\u00edslo \u00fa\u010dtu: SK52 0200 0000 0000 0423 1412<br>BIC: SUBASKBX<br>Variabiln\u00fd symbol: 626<br>Kon\u0161tantn\u00fd symbol: 0308<br>Spr\u00e1va pre pr\u00edjemcu: <strong>Uvies\u0165 meno, priezvisko \u017eiaka a triedu<\/strong><br>Poplatok za jeden mesiac je 18 \u20ac.<br><strong>PLATBU PROS\u00cdME UHRADI\u0164 V\u017dDY DO 15. V MESIACI<\/strong><\/p>\n<\/div><\/div>\n<\/div>\n<\/div>\n\n\n<div class=\"igd igd-shortcode-wrap igd-shortcode-embed\"><div class=\"igd-embed-wrap\"><iframe loading=\"lazy\" class=\"igd-embed\" src=\"https:\/\/drive.google.com\/file\/d\/1GLYXv5HNyVqNGug7e4mvNveCkv6ApMc9\/preview?rm=minimal\" frameborder=\"0\" scrolling=\"no\" width=\"100%\" height=\"480px\" referrerpolicy=\"no-referrer\" allow=\"autoplay\" allowfullscreen=\"allowfullscreen\" sandbox=\"allow-same-origin allow-scripts allow-popups allow-forms\"><\/iframe><\/div><\/div>\n","protected":false},"excerpt":{"rendered":"<p>\u0160kolsk\u00fd klub det\u00ed Charakterizuje ponuku \u0161irok\u00e9ho spektra r\u00f4znorod\u00fdch \u010dinnost\u00ed a pr\u00edle\u017eitost\u00ed z\u00e1ujmov\u00e9ho vzdel\u00e1vania av\u00fdchovy, ktor\u00e9 predkladaj\u00fa die\u0165a\u0165u bl\u00edzke a zrozumite\u013en\u00e9 t\u00e9my. Tie vych\u00e1dzaj\u00fa z V\u00fdchovn\u00e9hoprogramu [&hellip;]<\/p>\n","protected":false},"author":1,"featured_media":115,"parent":0,"menu_order":0,"comment_status":"closed","ping_status":"closed","template":"","meta":{"footnotes":""},"class_list":["post-55","page","type-page","status-publish","has-post-thumbnail","hentry"],"_links":{"self":[{"href":"https:\/\/5zszv.edu.sk\/index.php\/wp-json\/wp\/v2\/pages\/55","targetHints":{"allow":["GET"]}}],"collection":[{"href":"https:\/\/5zszv.edu.sk\/index.php\/wp-json\/wp\/v2\/pages"}],"about":[{"href":"https:\/\/5zszv.edu.sk\/index.php\/wp-json\/wp\/v2\/types\/page"}],"author":[{"embeddable":true,"href":"https:\/\/5zszv.edu.sk\/index.php\/wp-json\/wp\/v2\/users\/1"}],"replies":[{"embeddable":true,"href":"https:\/\/5zszv.edu.sk\/index.php\/wp-json\/wp\/v2\/comments?post=55"}],"version-history":[{"count":24,"href":"https:\/\/5zszv.edu.sk\/index.php\/wp-json\/wp\/v2\/pages\/55\/revisions"}],"predecessor-version":[{"id":1007,"href":"https:\/\/5zszv.edu.sk\/index.php\/wp-json\/wp\/v2\/pages\/55\/revisions\/1007"}],"wp:featuredmedia":[{"embeddable":true,"href":"https:\/\/5zszv.edu.sk\/index.php\/wp-json\/wp\/v2\/media\/115"}],"wp:attachment":[{"href":"https:\/\/5zszv.edu.sk\/index.php\/wp-json\/wp\/v2\/media?parent=55"}],"curies":[{"name":"wp","href":"https:\/\/api.w.org\/{rel}","templated":true}]}}