{"id":536,"date":"2024-02-02T21:10:15","date_gmt":"2024-02-02T20:10:15","guid":{"rendered":"https:\/\/5zszv.edu.sk\/?page_id=536"},"modified":"2025-09-01T22:23:28","modified_gmt":"2025-09-01T20:23:28","slug":"rada-rodicov","status":"publish","type":"page","link":"https:\/\/5zszv.edu.sk\/index.php\/rada-rodicov\/","title":{"rendered":"Pre rodi\u010dov"},"content":{"rendered":"\n<h2 class=\"wp-block-heading has-text-align-center\">Rodi\u010dovsk\u00e9 zdru\u017eenie a rada rodi\u010dov<\/h2>\n\n\n\n<p class=\"has-text-align-center\">&#8222;Zdru\u017eenie rodi\u010dov pri V.Z\u0160 Zvolen&#8220; je dobrovo\u013en\u00e9 ob\u010dianske zdru\u017eenie rodi\u010dov alebo in\u00fdch z\u00e1konn\u00fdch z\u00e1stupcov \u017eiakov \u0161koly, ktor\u00e9 je zaregistrovan\u00e9 Slovenskou radou rodi\u010dovsk\u00fdch zdru\u017een\u00ed pod \u010d. VVS\/1-900\/90-22246 zo d\u0148a 19.8.2003. <br><\/p>\n\n\n\n<div style=\"height:50px\" aria-hidden=\"true\" class=\"wp-block-spacer\"><\/div>\n\n\n\n<p><strong>V\u00fdbor Zdru\u017eenia rodi\u010dov:<\/strong><\/p>\n\n\n\n<p>Predsedky\u0148a: Mgr. Lucia Lev\u00e1kov\u00e1,<\/p>\n\n\n\n<p>\u010clenovia: Mgr. Janka Pe\u0165kov\u00e1, JUDr. Andrea Karkal\u00edkov\u00e1, \u0160tefan Pechy, Ing. Du\u0161ana Salenka, PhD., Ekon\u00f3mka: Ing. Elena Krn\u00e1\u010dov\u00e1<\/p>\n\n\n\n<p>Rev\u00edzor: <\/p>\n\n\n\n<p>Rodi\u010dovsk\u00e9 zdru\u017eenie spolupracuje s veden\u00edm \u0161koly pri rie\u0161en\u00ed probl\u00e9mov v\u00fdchovy a vzdel\u00e1vania \u017eiakov, pri organizovan\u00ed z\u00e1ujmovej \u010dinnosti \u017eiakov \u0161koly, pri zabezpe\u010dovan\u00ed kult\u00farnych alebo \u0161portov\u00fdch podujat\u00ed \u0161koly a pri usmer\u0148ovan\u00ed vz\u0165ahu rodi\u010dov ku \u0161kole a naopak. Rodi\u010dovsk\u00e9 zdru\u017eenie zhroma\u017e\u010fuje a rie\u0161i n\u00e1mety, pripomienky a po\u017eiadavky rodi\u010dov t\u00fdkaj\u00face sa v\u00fdchovy a vzdel\u00e1vania \u017eiakov. Prostredn\u00edctvom svojich z\u00e1stupcov \/triednych d\u00f4vern\u00edkov\/ rokuje s riadite\u013eom \u0161koly, u\u010dite\u013emi a ostatn\u00fdmi zamestnancami \u0161koly. V r\u00e1mci svojich mo\u017enost\u00ed poskytuje \u0161kole materi\u00e1lnu, organiza\u010dn\u00fa a person\u00e1lnu pomoc pri pr\u00e1ci so \u017eiakmi.<\/p>\n\n\n\n<div style=\"height:50px\" aria-hidden=\"true\" class=\"wp-block-spacer\"><\/div>\n\n\n\n<p><strong><strong>N\u00e1vody na pr\u00e1cu rodi\u010da v Edupage<\/strong>:<\/strong><\/p>\n\n\n\n<p><a href=\"https:\/\/help.edupage.org\/sk\/e2755\">https:\/\/help.edupage.org\/sk\/e2755<\/a><\/p>\n\n\n\n<p><strong><strong><strong>Rodi\u010dovsk\u00e9 zdru\u017eenie<\/strong><\/strong>:<\/strong><\/p>\n\n\n\n<p><strong><strong><strong><strong>\u0160t\u00fadium mimo \u00fazemia SR<\/strong><\/strong><\/strong>:<\/strong><\/p>\n\n\n\n<div style=\"height:50px\" aria-hidden=\"true\" class=\"wp-block-spacer\"><\/div>\n\n\n\n<h2 class=\"wp-block-heading\">Dokumenty:<\/h2>\n\n\n\n<iframe loading=\"lazy\" src=\"https:\/\/drive.google.com\/embeddedfolderview?id=1vY_9Lr2T-SaAUP7FxKu-vH2KfwgxTslY#list\" width=\"100%\" height=\"600\" frameborder=\"0\"><\/iframe>\n","protected":false},"excerpt":{"rendered":"<p>Rodi\u010dovsk\u00e9 zdru\u017eenie a rada rodi\u010dov &#8222;Zdru\u017eenie rodi\u010dov pri V.Z\u0160 Zvolen&#8220; je dobrovo\u013en\u00e9 ob\u010dianske zdru\u017eenie rodi\u010dov alebo in\u00fdch z\u00e1konn\u00fdch z\u00e1stupcov \u017eiakov \u0161koly, ktor\u00e9 je zaregistrovan\u00e9 Slovenskou [&hellip;]<\/p>\n","protected":false},"author":1,"featured_media":110,"parent":0,"menu_order":0,"comment_status":"closed","ping_status":"closed","template":"","meta":{"footnotes":""},"class_list":["post-536","page","type-page","status-publish","has-post-thumbnail","hentry"],"_links":{"self":[{"href":"https:\/\/5zszv.edu.sk\/index.php\/wp-json\/wp\/v2\/pages\/536","targetHints":{"allow":["GET"]}}],"collection":[{"href":"https:\/\/5zszv.edu.sk\/index.php\/wp-json\/wp\/v2\/pages"}],"about":[{"href":"https:\/\/5zszv.edu.sk\/index.php\/wp-json\/wp\/v2\/types\/page"}],"author":[{"embeddable":true,"href":"https:\/\/5zszv.edu.sk\/index.php\/wp-json\/wp\/v2\/users\/1"}],"replies":[{"embeddable":true,"href":"https:\/\/5zszv.edu.sk\/index.php\/wp-json\/wp\/v2\/comments?post=536"}],"version-history":[{"count":15,"href":"https:\/\/5zszv.edu.sk\/index.php\/wp-json\/wp\/v2\/pages\/536\/revisions"}],"predecessor-version":[{"id":990,"href":"https:\/\/5zszv.edu.sk\/index.php\/wp-json\/wp\/v2\/pages\/536\/revisions\/990"}],"wp:featuredmedia":[{"embeddable":true,"href":"https:\/\/5zszv.edu.sk\/index.php\/wp-json\/wp\/v2\/media\/110"}],"wp:attachment":[{"href":"https:\/\/5zszv.edu.sk\/index.php\/wp-json\/wp\/v2\/media?parent=536"}],"curies":[{"name":"wp","href":"https:\/\/api.w.org\/{rel}","templated":true}]}}