{"id":337,"date":"2024-01-04T11:00:55","date_gmt":"2024-01-04T10:00:55","guid":{"rendered":"http:\/\/194.160.177.10\/?page_id=337"},"modified":"2026-04-15T21:48:11","modified_gmt":"2026-04-15T19:48:11","slug":"dokumenty-pre-1-rocnik","status":"publish","type":"page","link":"https:\/\/5zszv.edu.sk\/index.php\/dokumenty-pre-1-rocnik\/","title":{"rendered":"Dokumenty pre 1.ro\u010dn\u00edk"},"content":{"rendered":"\n<p>Sme \u0161kolou s&nbsp;modern\u00fdm pr\u00edstupom ku&nbsp;\u017eiakom. Vzdel\u00e1vame a&nbsp;vychov\u00e1vame \u017eiakov v&nbsp;otvorenom dial\u00f3gu. V&nbsp;centre n\u00e1\u0161ho z\u00e1ujmu s\u00fa pr\u00e1ve&nbsp;deti.&nbsp;Na\u0161\u00edm&nbsp;cie\u013eom je sprostredkova\u0165 \u017eiakom vedomosti, u\u010di\u0165 ich komunikova\u0165, pozn\u00e1va\u0165 a&nbsp;tvori\u0165. Budova\u0165 v&nbsp;nich&nbsp;hodnotov\u00fd syst\u00e9m a&nbsp;d\u00e1va\u0165 im mo\u017enos\u0165 za\u017ei\u0165 praktick\u00e9 zru\u010dnosti.<\/p>\n\n\n\n<p class=\"has-text-align-center\">&#8222;Na dobrom za\u010diatku ve\u013ea z\u00e1le\u017e\u00ed.&#8220; (J. A. Komensk\u00fd)<\/p>\n\n\n\n<h2 class=\"wp-block-heading has-text-align-center\"><strong>inform\u00e1cie k z\u00e1pisu det\u00ed do 1. ro\u010dn\u00edka na \u0161kolsk\u00fd rok 2026\/2027 .\u00a0<\/strong><\/h2>\n\n\n\n<p><a href=\"https:\/\/www.minedu.sk\/rodicia-buducich-prvakov-budu-v-aprili-podavat-prihlasky-na-zakladne-skoly-cez-jednotny-system-eprihlasky\/\">https:\/\/www.minedu.sk\/rodicia-buducich-prvakov-budu-v-aprili-podavat-prihlasky-na-zakladne-skoly-cez-jednotny-system-eprihlasky\/<\/a><\/p>\n\n\n\n<p><a href=\"https:\/\/eprihlasky.iedu.sk\/Pomoc-a-podpora\/Zakladne-skoly\">https:\/\/eprihlasky.iedu.sk\/Pomoc-a-podpora\/Zakladne-skoly<\/a><\/p>\n\n\n\n<div style=\"height:40px\" aria-hidden=\"true\" class=\"wp-block-spacer\"><\/div>\n\n\n\n<p class=\"has-text-align-center\"><\/p>\n\n\n\n<div style=\"height:20px\" aria-hidden=\"true\" class=\"wp-block-spacer\"><\/div>\n\n\n\n<iframe loading=\"lazy\" src=\"https:\/\/drive.google.com\/embeddedfolderview?id=1jEuYBuqokngv_dZq5C9PbIkmgw3c8n8U#grid\" width=\"100%\" height=\"600\" frameborder=\"0\"><\/iframe>\n","protected":false},"excerpt":{"rendered":"<p>Sme \u0161kolou s&nbsp;modern\u00fdm pr\u00edstupom ku&nbsp;\u017eiakom. Vzdel\u00e1vame a&nbsp;vychov\u00e1vame \u017eiakov v&nbsp;otvorenom dial\u00f3gu. V&nbsp;centre n\u00e1\u0161ho z\u00e1ujmu s\u00fa pr\u00e1ve&nbsp;deti.&nbsp;Na\u0161\u00edm&nbsp;cie\u013eom je sprostredkova\u0165 \u017eiakom vedomosti, u\u010di\u0165 ich komunikova\u0165, pozn\u00e1va\u0165 a&nbsp;tvori\u0165. Budova\u0165 [&hellip;]<\/p>\n","protected":false},"author":1,"featured_media":113,"parent":0,"menu_order":0,"comment_status":"closed","ping_status":"closed","template":"","meta":{"footnotes":""},"class_list":["post-337","page","type-page","status-publish","has-post-thumbnail","hentry"],"_links":{"self":[{"href":"https:\/\/5zszv.edu.sk\/index.php\/wp-json\/wp\/v2\/pages\/337","targetHints":{"allow":["GET"]}}],"collection":[{"href":"https:\/\/5zszv.edu.sk\/index.php\/wp-json\/wp\/v2\/pages"}],"about":[{"href":"https:\/\/5zszv.edu.sk\/index.php\/wp-json\/wp\/v2\/types\/page"}],"author":[{"embeddable":true,"href":"https:\/\/5zszv.edu.sk\/index.php\/wp-json\/wp\/v2\/users\/1"}],"replies":[{"embeddable":true,"href":"https:\/\/5zszv.edu.sk\/index.php\/wp-json\/wp\/v2\/comments?post=337"}],"version-history":[{"count":25,"href":"https:\/\/5zszv.edu.sk\/index.php\/wp-json\/wp\/v2\/pages\/337\/revisions"}],"predecessor-version":[{"id":1056,"href":"https:\/\/5zszv.edu.sk\/index.php\/wp-json\/wp\/v2\/pages\/337\/revisions\/1056"}],"wp:featuredmedia":[{"embeddable":true,"href":"https:\/\/5zszv.edu.sk\/index.php\/wp-json\/wp\/v2\/media\/113"}],"wp:attachment":[{"href":"https:\/\/5zszv.edu.sk\/index.php\/wp-json\/wp\/v2\/media?parent=337"}],"curies":[{"name":"wp","href":"https:\/\/api.w.org\/{rel}","templated":true}]}}