{"id":221,"date":"2023-09-15T18:17:30","date_gmt":"2023-09-15T16:17:30","guid":{"rendered":"http:\/\/194.160.177.10\/?page_id=221"},"modified":"2025-02-21T08:14:53","modified_gmt":"2025-02-21T07:14:53","slug":"poradenstvo","status":"publish","type":"page","link":"https:\/\/5zszv.edu.sk\/index.php\/poradenstvo\/","title":{"rendered":"\u0160kolsk\u00fd podporn\u00fd t\u00edm"},"content":{"rendered":"\n<p class=\"has-text-align-center\">Na na\u0161ej \u0161kole sa u\u017e dlhodobej\u0161ie venujeme budovaniu inkluz\u00edvnej kult\u00fary v \u0161kole. Sna\u017e\u00edme sa, aby ka\u017ed\u00e9<br>die\u0165a malo vytvoren\u00e9 podmienky na vzdel\u00e1vanie, a tak mohlo rozv\u00edja\u0165 svoj potenci\u00e1l.<br><strong>CIE\u013d: <\/strong>Cie\u013eom je aby v\u0161etci \u017eiaci s ak\u00fdmiko\u013evek bari\u00e9rami vedeli vyu\u017e\u00edva\u0165 svoje schopnosti, danosti<br>a boli plnohodnotn\u00fdmi ob\u010danmi, ktor\u00ed sa vedia zapoji\u0165 do \u010fal\u0161ieho \u0161tudentsk\u00e9ho ale aj \u201edospel\u00e1ckeho\u201c<br>\u017eivota.<br><strong>ODKAZ: <\/strong>Ka\u017ed\u00fd z n\u00e1s je osobnos\u0165, ka\u017ed\u00fd m\u00e1 svoje chyby, preto berme ka\u017ed\u00e9 die\u0165a ako<br>individualitu, dajme im rovnak\u00e9 \u0161ance na \u017eivot. Ve\u010f v ka\u017edom z n\u00e1s je nie\u010do dobr\u00e9 a pekn\u00e9, \u010do treba<br>\u010falej rozv\u00edja\u0165 a podporova\u0165. Neporovn\u00e1vajme a nechcime z ka\u017ed\u00e9ho g\u00e9nia<strong>.<\/strong><\/p>\n\n\n\n<p class=\"has-text-align-center\">        <div class=\"rmwr-wrapper\" \n             data-id=\"rmwr-69e64ffcd111b\"\n             data-mode=\"normal\"\n             data-animation=\"fade\"\n             data-duration=\"300\"\n             data-smooth-scroll=\"true\"\n             data-scroll-offset=\"0\">\n            <button \n                type=\"button\"\n                class=\"read-link\" \n                id=\"readlinkrmwr-69e64ffcd111b\"\n                data-open-text=\"Zobrazi\u0165 viac\"\n                data-close-text=\"Zobrazi\u0165 menej\"\n                aria-expanded=\"false\"\n                aria-controls=\"readrmwr-69e64ffcd111b\"\n                aria-label=\"Zobrazi\u0165 viac\"\n            >\n                <span class=\"rmwr-text\">Zobrazi\u0165 viac<\/span>\n            <\/button>\n            <div \n                class=\"read_div\" \n                id=\"readrmwr-69e64ffcd111b\"\n                aria-hidden=\"true\"\n                data-animation=\"fade\"\n                data-duration=\"300\"\n                style=\"display: none;\"\n            >\n                <\/p>\n\n\n\n<div class=\"wp-block-columns is-layout-flex wp-container-core-columns-is-layout-9d6595d7 wp-block-columns-is-layout-flex\">\n<div class=\"wp-block-column is-layout-flow wp-block-column-is-layout-flow\" style=\"flex-basis:25%\"><\/div>\n\n\n\n<div class=\"wp-block-column is-layout-flow wp-block-column-is-layout-flow\" style=\"flex-basis:50%\">\n<p>\u00daLOHA: <\/p>\n\n\n\n<ul class=\"wp-block-list\">\n<li>koordinova\u0165 rozvoj inkluz\u00edvneho vzdel\u00e1vania a participova\u0165 na vytv\u00e1ran\u00ed pozit\u00edvnej \u0161kolskej kl\u00edmy,poskytova\u0165 metodick\u00fa podporu pedagogick\u00fdm zamestnancom<\/li>\n\n\n\n<li>podporova\u0165 triednych u\u010dite\u013eov pri realiz\u00e1cii univerz\u00e1lnych prevent\u00edvnych programov, aktiv\u00edt a pod\u013ea<br>potreby uskuto\u010d\u0148ova\u0165 selekt\u00edvne prevent\u00edvne programy,<\/li>\n\n\n\n<li>poskytova\u0165 poradenstvo pod\u013ea potrieb ka\u017ed\u00e9mu \u017eiakovi a jeho z\u00e1konn\u00fdm z\u00e1stupcom (\u0161pecificky pri<br>prechode \u017eiaka do \u0161pecializovan\u00fdch v\u00fdchovn\u00fdch zariaden\u00ed \u2013 lie\u010debno-v\u00fdchovn\u00e9 sanat\u00f3rium, diagnostick\u00e9<br>centrum, reeduka\u010dn\u00e9 centrum vr\u00e1tane sledovania priebehu, spolupr\u00e1ce so zariaden\u00edm a pr\u00edpravy jeho<br>n\u00e1vratu a adapt\u00e1cie),<\/li>\n\n\n\n<li>spolupracova\u0165 s ostatn\u00fdmi organiz\u00e1ciami (zariadenia poradenstva a prevencie, \u0161pecializovan\u00e9 v\u00fdchovn\u00e9<br>zariadenia, zariadenia soci\u00e1lnopr\u00e1vnej ochrany, pol\u00edcia) pri rie\u0161en\u00ed zlo\u017eitej\u0161\u00edch a komplexnej\u0161\u00edch pr\u00edpadov,<br>\u010dlenovia \u0160PT sa m\u00f4\u017eu z\u00fa\u010dast\u0148ova\u0165 na odborn\u00fdch konz\u00edli\u00e1ch a pr\u00edpadov\u00fdch stretnutiach,<\/li>\n\n\n\n<li>participova\u0165 pri vyh\u013ead\u00e1van\u00ed a identifikovan\u00ed \u017eiakov s rizikov\u00fdm v\u00fdvinom,<\/li>\n\n\n\n<li>participova\u0165 na tvorbe \u0161kolsk\u00e9ho vzdel\u00e1vacieho programu,<\/li>\n\n\n\n<li>vytv\u00e1ra\u0165 podporn\u00e9 siete v \u0161kole, s in\u00fdmi in\u0161tit\u00faciami a subjektmi v r\u00e1mci rezortu \u0161kolstva aj na<br>medzirezortnej \u00farovni<\/li>\n<\/ul>\n<\/div>\n\n\n\n<div class=\"wp-block-column is-layout-flow wp-block-column-is-layout-flow\" style=\"flex-basis:25%\"><\/div>\n<\/div>\n\n\n\n<div class=\"wp-block-columns is-layout-flex wp-container-core-columns-is-layout-9d6595d7 wp-block-columns-is-layout-flex\">\n<div class=\"wp-block-column is-layout-flow wp-block-column-is-layout-flow\" style=\"flex-basis:33.34%\"><\/div>\n\n\n\n<div class=\"wp-block-column is-layout-flow wp-block-column-is-layout-flow\" style=\"flex-basis:33.34%\">\n<p>            <\/div>\n        <\/div>\n        <\/p>\n<\/div>\n\n\n\n<div class=\"wp-block-column is-layout-flow wp-block-column-is-layout-flow\" style=\"flex-basis:33.33%\"><\/div>\n<\/div>\n\n\n\n<div style=\"height:100px\" aria-hidden=\"true\" class=\"wp-block-spacer\"><\/div>\n\n\n\n<h1 class=\"wp-block-heading has-text-align-center\"><strong>\u010cLENOVIA \u0160KOLSK\u00c9HO PODPOREN\u00c9HO T\u00cdMU<\/strong><\/h1>\n\n\n\n<hr class=\"wp-block-separator has-alpha-channel-opacity is-style-wide\"\/>\n\n\n\n<h2 class=\"wp-block-heading has-text-align-left\"><strong>\u0160kolsk\u00e1 \u0161peci\u00e1lna pedagogi\u010dka<\/strong> &#8211; Mgr. Zuzana Schieberov\u00e1<\/h2>\n\n\n\n<div class=\"wp-block-columns is-layout-flex wp-container-core-columns-is-layout-9d6595d7 wp-block-columns-is-layout-flex\">\n<div class=\"wp-block-column is-layout-flow wp-block-column-is-layout-flow\">\n<p>E-mail: \u00a0<strong>schieberova@5zszv.edu.sk<\/strong><\/p>\n<\/div>\n\n\n\n<div class=\"wp-block-column is-layout-flow wp-block-column-is-layout-flow\">\n<p>Mobil: <strong>+421 917 591 671<\/strong><\/p>\n<\/div>\n\n\n\n<div class=\"wp-block-column is-layout-flow wp-block-column-is-layout-flow\">\n<p>Tel. kontakt: &nbsp;<strong>045 &#8211; 532 6001<\/strong><\/p>\n<\/div>\n<\/div>\n\n\n\n<ul class=\"wp-block-list\">\n<li>zabezpe\u010denie individu\u00e1lnej starostlivosti v\u0161etk\u00fdm \u017eiakom, ktor\u00ed to potrebuj\u00fa v zmysle inkluz\u00edvneho vzdel\u00e1vania<\/li>\n\n\n\n<li>v spolupr\u00e1ci s ostatn\u00fdmi \u010dlenmi \u0160PT a pedag\u00f3gmi \u0161koly sa podie\u013ea\u0165 na tvorbe dobrej kl\u00edmy v triede<\/li>\n\n\n\n<li>poskytovanie poradensko \u2013 konzulta\u010dn\u00fdch slu\u017eieb rodin\u00e1m, \u017eiakom, pedag\u00f3gom, odbornej komunite<\/li>\n\n\n\n<li>poskytovanie \u0161peci\u00e1lno \u2013 pedagogick\u00e9ho servisu vybrat\u00fdm \u017eiakom a to prostredn\u00edctvom \u0161peci\u00e1lnych hod\u00edn ( rozvoj komunika\u010dn\u00fdch zru\u010dnost\u00ed, rozvoj psychomotorick\u00fdch zru\u010dnost\u00ed )<\/li>\n\n\n\n<li>zabezpe\u010dovanie psychologick\u00fdch, \u0161peci\u00e1lno \u2013 pedagogick\u00fdch a in\u00fdch odborn\u00fdch vy\u0161etren\u00ed<\/li>\n\n\n\n<li>vykonanie orienta\u010dnej \u0161peci\u00e1lno \u2013 pedagogickej diagnostiky<\/li>\n\n\n\n<li>v spolupr\u00e1ci s v\u00fdchovn\u00fdm poradcom zabezpe\u010di\u0165 vhodn\u00fd v\u00fdber a \u00fapravu prij\u00edmac\u00edch pohovorov na stredn\u00e9 \u0161koly \u017eiakom so \u0160VVP<\/li>\n\n\n\n<li>spolupr\u00e1ca so \u0161kolskou psychologi\u010dkou<\/li>\n\n\n\n<li>spolupr\u00e1ca so soci\u00e1lnou pedagogi\u010dkou<\/li>\n\n\n\n<li>spolupr\u00e1ca s pedagogick\u00fdmi asistentkami u\u010dite\u013ea ( pr\u00edprava \u017eiadosti na zavedenie funkcie asistenta u\u010dite\u013ea)<\/li>\n\n\n\n<li>pod\u00e1va\u0165 aktu\u00e1lne, nov\u00e9 inform\u00e1cie pedag\u00f3gom o \u017eiakoch s podporn\u00fdmi opatreniami v r\u00e1mci por\u00e1d, PK a MZ<\/li>\n\n\n\n<li>monitorovanie \u00farovne \u0161kolskej sp\u00f4sobilosti det\u00ed vstupuj\u00facich do \u0161koly<\/li>\n\n\n\n<li>\u00fa\u010das\u0165 pri z\u00e1pise det\u00ed do prv\u00e9ho ro\u010dn\u00edka<\/li>\n\n\n\n<li>zameranie sa na depist\u00e1\u017e \u017eiakov s pr\u00edznakmi \u0161peci\u00e1lnych v\u00fdvinov\u00fdch por\u00fach u\u010denia, alebo spr\u00e1vania<\/li>\n<\/ul>\n\n\n\n<ul class=\"wp-block-list\">\n<li>multidisciplin\u00e1rna spolupr\u00e1ca a odborn\u00e9 sie\u0165ovanie<\/li>\n\n\n\n<li>podie\u013ea\u0165 sa na skvalitnen\u00ed soci\u00e1lnej kl\u00edmy v triedach<\/li>\n\n\n\n<li>zabezpe\u010di\u0165 aktualiza\u010dn\u00e9 vzdel\u00e1vania u\u010dite\u013eov na aktu\u00e1lne t\u00e9my a t\u00fdm skvalitnenie vz\u0165ahov u\u010dite\u013e \u2013 \u017eiak, \u017eiak \u2013 \u017eiak, u\u010dite\u013e \u2013 u\u010dite\u013e<\/li>\n\n\n\n<li>spracovanie projektov t\u00fdkaj\u00facich sa problematiky \u0161peci\u00e1lnej pedagogiky<\/li>\n\n\n\n<li>administrat\u00edvna a dokumenta\u010dn\u00e1 \u010dinnos\u0165<\/li>\n<\/ul>\n\n\n\n<div style=\"height:100px\" aria-hidden=\"true\" class=\"wp-block-spacer\"><\/div>\n\n\n\n<h2 class=\"wp-block-heading has-text-align-left\"><strong>\u0160kolsk\u00e1 Psychologi\u010dka<\/strong> &#8211; Mgr. \u017daneta Ple\u0161iv\u010diakov\u00e1<\/h2>\n\n\n\n<p><\/p>\n\n\n\n<div class=\"wp-block-columns is-layout-flex wp-container-core-columns-is-layout-9d6595d7 wp-block-columns-is-layout-flex\">\n<div class=\"wp-block-column is-layout-flow wp-block-column-is-layout-flow\">\n<p>E-mail: <strong>plesivciakova@5zszv.edu.sk<\/strong><\/p>\n<\/div>\n\n\n\n<div class=\"wp-block-column is-layout-flow wp-block-column-is-layout-flow\">\n<p>Mobil: <strong>+421 917 591 671<\/strong><\/p>\n<\/div>\n\n\n\n<div class=\"wp-block-column is-layout-flow wp-block-column-is-layout-flow\">\n<p>Tel. kontakt: &nbsp;<strong>045 &#8211; 532 6001<\/strong><\/p>\n<\/div>\n<\/div>\n\n\n\n<ul class=\"wp-block-list\">\n<li>poskytovanie odbornej psychologickej pomoci a psychologick\u00e9ho poradenstva \u017eiakom, z\u00e1konn\u00fdm z\u00e1stupcom a zamestnancom \u0161koly pri rie\u0161en\u00ed v\u00fdchovn\u00fdch a vzdel\u00e1vac\u00edch probl\u00e9mov s d\u00f4razom na ich du\u0161evn\u00e9 zdravie<\/li>\n\n\n\n<li>odborn\u00e9 \u010dinnosti v r\u00e1mci orienta\u010dnej psychologickej diagnostiky, individu\u00e1lneho, skupinov\u00e9ho alebo hromadn\u00e9ho psychologick\u00e9ho poradenstva, prevencie a intervencie<\/li>\n\n\n\n<li>konzult\u00e1cie so \u017eiakmi, z\u00e1konn\u00fdmi z\u00e1stupcami a pedag\u00f3gmi<\/li>\n\n\n\n<li>realizovanie prevent\u00edvnych programov na rozvoj pozit\u00edvnych vlastnost\u00ed \u017eiakov<\/li>\n\n\n\n<li>prevencia pred patologick\u00fdm spr\u00e1van\u00edm \u017eiakov<\/li>\n\n\n\n<li>spolupodie\u013eanie sa na vytv\u00e1ran\u00ed pozit\u00edvnej atmosf\u00e9ry a kl\u00edmy v \u0161kolskom prostred\u00ed<\/li>\n\n\n\n<li>monitorovanie situ\u00e1cie v triedach a jej anal\u00fdza<\/li>\n\n\n\n<li>\u00fa\u010das\u0165 pri z\u00e1pise det\u00ed do prv\u00e9ho ro\u010dn\u00edka<\/li>\n\n\n\n<li>adapt\u00e1cia \u017eiakov prv\u00fdch a piatych ro\u010dn\u00edkov na za\u010diatku \u0161kolsk\u00e9ho roka, pr\u00edp. adapt\u00e1cia nov\u00fdch \u017eiakov \u0161koly<\/li>\n\n\n\n<li>pr\u00edprava a realiz\u00e1cia terapeutick\u00fdch a prevent\u00edvnych programov, programov na rozvoj osobnosti a medzi\u013eudsk\u00fdch vz\u0165ahov, besied, predn\u00e1\u0161ok a pod.<\/li>\n\n\n\n<li>pozit\u00edvne ovplyv\u0148ovanie psychick\u00e9ho zdravia u\u010dite\u013eov a ostatn\u00fdch zamestnancov \u0161koly<\/li>\n\n\n\n<li>akt\u00edvna spolupr\u00e1ca so v\u0161etk\u00fdmi \u010dlenmi podporn\u00e9ho t\u00edmu<\/li>\n\n\n\n<li>spolupr\u00e1ca s extern\u00fdmi odborn\u00edkmi v pr\u00edpade potreby \u2013 CPP, klinick\u00fd psychol\u00f3g, detsk\u00fd psychiater a pod.<\/li>\n\n\n\n<li>administrat\u00edvna a dokumenta\u010dn\u00e1 \u010dinnos\u0165<\/li>\n<\/ul>\n\n\n\n<p><\/p>\n\n\n\n<p><\/p>\n\n\n\n<p><\/p>\n\n\n\n<h2 class=\"wp-block-heading has-text-align-left\"><strong>Soci\u00e1lna pedagogi\u010dka<\/strong> , <strong>V\u00fdchovn\u00e1 a kari\u00e9rov\u00e1 poradky\u0148a<\/strong>&#8211; Mgr. Daniela Hanesov\u00e1<\/h2>\n\n\n\n<p>E-mail: <strong>hanesova@5zszv.edu.sk<\/strong>                                      Mobil: <strong>+421 917 591 671<\/strong>                 Tel. kontakt: \u00a0<strong>045 &#8211; 532 6001<\/strong><br><\/p>\n\n\n\n<ul class=\"wp-block-list\">\n<li>pom\u00e1ha pri rie\u0161en\u00ed soci\u00e1lno \u2013 v\u00fdchovn\u00fdch probl\u00e9mov v&nbsp;\u0161kole ale aj v&nbsp;dom\u00e1com prostred\u00ed<\/li>\n\n\n\n<li>vykon\u00e1va odborn\u00e9 \u010dinnosti v&nbsp;r\u00e1mci prevencie, intervencie a&nbsp;poskytovania poradenstva najm\u00e4 pre deti a&nbsp;\u017eiakov ohrozen\u00fdch soci\u00e1lno-patologick\u00fdmi javmi, zo soci\u00e1lne znev\u00fdhodnen\u00e9ho prostredia, drogovo z\u00e1visl\u00fdch alebo inak znev\u00fdhodnen\u00fdch det\u00ed a&nbsp;\u017eiakov<\/li>\n\n\n\n<li>venuje sa prevencii soci\u00e1lno-patologick\u00fdch javov<\/li>\n\n\n\n<li>rie\u0161i problematick\u00e9 spr\u00e1vanie \u017eiakov ako je z\u00e1\u0161kol\u00e1ctvo, \u0161ikanovanie, kriminalita, extr\u00e9mizmus, mravn\u00e9 a&nbsp;soci\u00e1lne poruchy v&nbsp;spr\u00e1van\u00ed,<\/li>\n\n\n\n<li>poskytuje pomoc a&nbsp;individu\u00e1lne poradenstvo \u017eiakom poch\u00e1dzaj\u00facim z&nbsp;disfunk\u010dn\u00fdch a&nbsp;soci\u00e1lne znev\u00fdhodnen\u00fdch rod\u00edn, pr\u00edpadne ak sa ocitli v&nbsp;pre nich kr\u00edzovej situ\u00e1cii<\/li>\n\n\n\n<li>spolupracuje s&nbsp;ostatn\u00fdmi odborn\u00fdmi zamestnancami, pedag\u00f3gmi a miestnymi v\u00fdchovno-vzdel\u00e1vac\u00edmi in\u0161tit\u00faciami a&nbsp;in\u00fdmi odborn\u00edkmi: pol\u00edciou, soci\u00e1lnou kuratelou a&nbsp;s&nbsp;CPPPaP at\u010f.,<\/li>\n\n\n\n<li>vo vz\u0165ahu k&nbsp;rodi\u010dom poskytuje poradenstvo a&nbsp;individu\u00e1lne konzult\u00e1cie v&nbsp;oblasti prevencie soci\u00e1lno-patologick\u00fdch javov a&nbsp;&nbsp;mo\u017en\u00fdch riz\u00edk pre \u017eiakov, pom\u00e1ha v&nbsp;\u0161kole aj v&nbsp;rodine rie\u0161i\u0165 kr\u00edzov\u00e9 situ\u00e1cie a&nbsp;predch\u00e1dza\u0165 vzniku dysfunk\u010dn\u00fdch procesov<\/li>\n\n\n\n<li>pracuje pravidelne s&nbsp;triednym kolekt\u00edvom na vytvoren\u00ed lep\u0161ej atmosf\u00e9ry a&nbsp;kl\u00edmy v&nbsp;triede s&nbsp;cie\u013eom predch\u00e1dza\u0165 konfliktom, agresii a&nbsp;\u0161ikanovaniu v&nbsp;skupine,<\/li>\n\n\n\n<li>pom\u00e1ha ozdravova\u0165, chr\u00e1ni\u0165 a&nbsp;zabezpe\u010dova\u0165 plynul\u00fd a&nbsp;neru\u0161en\u00fd eduka\u010dn\u00fd proces v&nbsp;\u0161kole<\/li>\n<\/ul>\n\n\n\n<div style=\"height:100px\" aria-hidden=\"true\" class=\"wp-block-spacer\"><\/div>\n\n\n\n<h2 class=\"wp-block-heading has-text-align-left\"><strong>Pedagogick\u00e9 asistentky <\/strong><\/h2>\n\n\n\n<p class=\"has-text-align-center\">&nbsp;        <div class=\"rmwr-wrapper\" \n             data-id=\"rmwr-69e64ffcd15ae\"\n             data-mode=\"normal\"\n             data-animation=\"fade\"\n             data-duration=\"300\"\n             data-smooth-scroll=\"true\"\n             data-scroll-offset=\"0\">\n            <button \n                type=\"button\"\n                class=\"read-link\" \n                id=\"readlinkrmwr-69e64ffcd15ae\"\n                data-open-text=\"Zobrazi\u0165 viac\"\n                data-close-text=\"Zobrazi\u0165 menej\"\n                aria-expanded=\"false\"\n                aria-controls=\"readrmwr-69e64ffcd15ae\"\n                aria-label=\"Zobrazi\u0165 viac\"\n            >\n                <span class=\"rmwr-text\">Zobrazi\u0165 viac<\/span>\n            <\/button>\n            <div \n                class=\"read_div\" \n                id=\"readrmwr-69e64ffcd15ae\"\n                aria-hidden=\"true\"\n                data-animation=\"fade\"\n                data-duration=\"300\"\n                style=\"display: none;\"\n            >\n                <\/p>\n\n\n\n<p class=\"has-text-align-left\">v spolupr\u00e1ci s odborn\u00fdmi zamestnancami sa podie\u013ea na vytv\u00e1ran\u00ed rovnosti pr\u00edle\u017eitost\u00ed vo v\u00fdchove a\u00a0vzdel\u00e1van\u00ed<\/p>\n\n\n\n<p>so \u0161kolsk\u00fdm podporn\u00fdm t\u00edmom a\u00a0pedag\u00f3gmi h\u013ead\u00e1 \u00fa\u010dinn\u00e9 strat\u00e9gie na rozvoj potenci\u00e1lu v\u0161etk\u00fdch det\u00ed<\/p>\n\n\n\n<p>pom\u00e1ha vytv\u00e1ra\u0165 podporuj\u00facu a\u00a0priate\u013esk\u00fa atmosf\u00e9ru v\u00a0triede s\u00a0re\u0161pektuj\u00facimi vz\u0165ahmi, demokratick\u00fdmi pravidlami a\u00a0t\u00edmovou spolupr\u00e1cou,<\/p>\n\n\n\n<p>pom\u00e1ha die\u0165a\u0165u, \u017eiakovi alebo skupine det\u00ed alebo \u017eiakov pri prekon\u00e1van\u00ed architektonick\u00fdch, informa\u010dn\u00fdch, jazykov\u00fdch, zdravotn\u00fdch, soci\u00e1lnych alebo kult\u00farnych bari\u00e9r\u00a0<\/p>\n\n\n\n<p>pracuje so \u017eiakmi so \u0161peci\u00e1lnymi v\u00fdchovnovzdel\u00e1vac\u00edmi potrebami na vyu\u010dovan\u00ed ich tempom, m\u00e1 \u010das sa im individu\u00e1lne venova\u0165, predstavuje psychick\u00fa podporu\u00a0 \u017eiaka, je spojkou medzi u\u010dite\u013eom, \u017eiakmi, rodi\u010dom a\u00a0die\u0165a\u0165om<\/p>\n\n\n\n<p>spolu so \u0160PT a pedag\u00f3gom definuje oblasti podpory \u017eiaka\/\u017eiakov, siln\u00e9 str\u00e1nky, oblasti, ktor\u00e9 zvl\u00e1dne s\u00e1m tak, aby pomoc bola cielen\u00e1 a vych\u00e1dzala z aktu\u00e1lnych potrieb a nielen z diagn\u00f3zy<\/p>\n\n\n\n<p>priamo vedie alebo napom\u00e1ha pri aktivit\u00e1ch organizovan\u00fdch \u0161kolou (tane\u010dn\u00fdch, hudobn\u00fdch, v\u00fdtvarn\u00fdch, dramatick\u00fdch a\u00a0in\u00fdch), exkurzie, v\u00fdlety, spolo\u010densk\u00e9 podujatia, \u0161portov\u00e9 podujatia)<\/p>\n\n\n\n<p>komunikuje s rodi\u010dmi (z\u00e1konn\u00fdmi z\u00e1stupcami) die\u0165a\u0165a alebo \u017eiaka o procese v\u00fdchovy a\u00a0vzdel\u00e1vania<\/p>\n\n\n\n<p>podie\u013ea sa na vytv\u00e1ran\u00ed pom\u00f4cok, pom\u00e1ha \u017eiakom nau\u010di\u0165 sa pou\u017e\u00edva\u0165 \u0161peci\u00e1lne pom\u00f4cky s cie\u013eom<\/p>\n\n\n\n<p>vies\u0165 ich k \u010do najv\u00e4\u010d\u0161ej samostatnosti v procese vzdel\u00e1vania<\/p>\n\n\n\n<p class=\"has-text-align-left\">vykon\u00e1va pedagogick\u00fd dozor po\u010das prest\u00e1vok<\/p>\n\n\n\n<p class=\"has-text-align-center\">            <\/div>\n        <\/div>\n        <\/p>\n\n\n\n<figure class=\"wp-block-image alignfull size-large\"><img loading=\"lazy\" decoding=\"async\" width=\"1024\" height=\"76\" src=\"http:\/\/194.160.177.10\/wp-content\/uploads\/2023\/09\/image_2023-09-15_190234743-e1694800842107-1024x76.png\" alt=\"\" class=\"wp-image-251\" srcset=\"https:\/\/5zszv.edu.sk\/wp-content\/uploads\/2023\/09\/image_2023-09-15_190234743-e1694800842107-1024x76.png 1024w, https:\/\/5zszv.edu.sk\/wp-content\/uploads\/2023\/09\/image_2023-09-15_190234743-e1694800842107-300x22.png 300w, https:\/\/5zszv.edu.sk\/wp-content\/uploads\/2023\/09\/image_2023-09-15_190234743-e1694800842107-768x57.png 768w, https:\/\/5zszv.edu.sk\/wp-content\/uploads\/2023\/09\/image_2023-09-15_190234743-e1694800842107-1536x115.png 1536w, https:\/\/5zszv.edu.sk\/wp-content\/uploads\/2023\/09\/image_2023-09-15_190234743-e1694800842107.png 1998w\" sizes=\"auto, (max-width: 1024px) 100vw, 1024px\" \/><\/figure>\n","protected":false},"excerpt":{"rendered":"<p>Na na\u0161ej \u0161kole sa u\u017e dlhodobej\u0161ie venujeme budovaniu inkluz\u00edvnej kult\u00fary v \u0161kole. Sna\u017e\u00edme sa, aby ka\u017ed\u00e9die\u0165a malo vytvoren\u00e9 podmienky na vzdel\u00e1vanie, a tak mohlo rozv\u00edja\u0165 [&hellip;]<\/p>\n","protected":false},"author":1,"featured_media":110,"parent":0,"menu_order":0,"comment_status":"closed","ping_status":"closed","template":"","meta":{"footnotes":""},"class_list":["post-221","page","type-page","status-publish","has-post-thumbnail","hentry"],"_links":{"self":[{"href":"https:\/\/5zszv.edu.sk\/index.php\/wp-json\/wp\/v2\/pages\/221","targetHints":{"allow":["GET"]}}],"collection":[{"href":"https:\/\/5zszv.edu.sk\/index.php\/wp-json\/wp\/v2\/pages"}],"about":[{"href":"https:\/\/5zszv.edu.sk\/index.php\/wp-json\/wp\/v2\/types\/page"}],"author":[{"embeddable":true,"href":"https:\/\/5zszv.edu.sk\/index.php\/wp-json\/wp\/v2\/users\/1"}],"replies":[{"embeddable":true,"href":"https:\/\/5zszv.edu.sk\/index.php\/wp-json\/wp\/v2\/comments?post=221"}],"version-history":[{"count":115,"href":"https:\/\/5zszv.edu.sk\/index.php\/wp-json\/wp\/v2\/pages\/221\/revisions"}],"predecessor-version":[{"id":928,"href":"https:\/\/5zszv.edu.sk\/index.php\/wp-json\/wp\/v2\/pages\/221\/revisions\/928"}],"wp:featuredmedia":[{"embeddable":true,"href":"https:\/\/5zszv.edu.sk\/index.php\/wp-json\/wp\/v2\/media\/110"}],"wp:attachment":[{"href":"https:\/\/5zszv.edu.sk\/index.php\/wp-json\/wp\/v2\/media?parent=221"}],"curies":[{"name":"wp","href":"https:\/\/api.w.org\/{rel}","templated":true}]}}