{"id":118,"date":"2023-09-12T09:26:13","date_gmt":"2023-09-12T07:26:13","guid":{"rendered":"http:\/\/194.160.177.10\/?page_id=118"},"modified":"2026-01-20T15:56:15","modified_gmt":"2026-01-20T14:56:15","slug":"prispevok-2-dane","status":"publish","type":"page","link":"https:\/\/5zszv.edu.sk\/index.php\/prispevok-2-dane\/","title":{"rendered":"Pr\u00edspevok \u2013 2 % dane"},"content":{"rendered":"\n<p class=\"has-text-align-center\">V\u00e1\u017een\u00ed rodi\u010dia,<br>dovo\u013eujeme si V\u00e1s oslovi\u0165 i v roku 2026 so \u017eiados\u0165ou, aby ste \u010das\u0165 svojej zaplatenej dane<br>pouk\u00e1zali na podporu vzdel\u00e1vania svojich det\u00ed a zlep\u0161enie prostredia, v ktorom sa u\u010dia.<br>Pr\u00edspevky od rodi\u010dov a zamestnancov n\u00e1m umo\u017e\u0148uj\u00fa organizova\u0165 a financova\u0165 aktivity,<br>ktor\u00e9 nie je mo\u017en\u00e9 kry\u0165 z rozpo\u010dtu \u0161koly.<br>Chceme V\u00e1s znovu po\u017eiada\u0165 o pr\u00edspevok 2 % z dane v tom pr\u00edpade, \u017ee u\u017e nie ste<br>rozhodnut\u00ed \u010diastku pouk\u00e1za\u0165 na in\u00e9 \u00fa\u010dely a m\u00e1te z\u00e1ujem aj t\u00fdmto sp\u00f4sobom pom\u00f4c\u0165 \u0161kole,<br>ktor\u00fa Va\u0161e die\u0165a nav\u0161tevuje.<br>POTVRDENIE o zaplaten\u00ed dane z pr\u00edjmov zo z\u00e1vislej \u010dinnosti a VYHL\u00c1SENIE o pouk\u00e1zan\u00ed<br>sumy vo v\u00fd\u0161ke 2 % zaplatenej dane s predvyplnen\u00fdmi \u00fadajmi ob\u010dianskeho zdru\u017eenia je<br>zverejnen\u00e9 na webovom s\u00eddle \u0161koly.<br>Obidve tla\u010div\u00e1 m\u00f4\u017eete odovzda\u0165 \u0161kole, pr\u00edpadne priamo Da\u0148ov\u00e9mu \u00faradu.<br>\u010eAKUJEME.<br>Kolekt\u00edv \u017eiakov a zamestnancov Z\u0160 Hrn\u010diarska<\/p>\n\n\n\n<div class=\"wp-block-columns is-layout-flex wp-container-core-columns-is-layout-9d6595d7 wp-block-columns-is-layout-flex\">\n<div class=\"wp-block-column is-layout-flow wp-block-column-is-layout-flow\" style=\"flex-basis:100%\">\n<div class=\"wp-block-group\"><div class=\"wp-block-group__inner-container is-layout-constrained wp-block-group-is-layout-constrained\">\n<div class=\"wp-block-columns is-layout-flex wp-container-core-columns-is-layout-9d6595d7 wp-block-columns-is-layout-flex\">\n<div class=\"wp-block-column is-layout-flow wp-block-column-is-layout-flow\"><\/div>\n\n\n\n<div class=\"wp-block-column is-layout-flow wp-block-column-is-layout-flow\"><\/div>\n<\/div>\n\n\n\n<div data-wp-interactive=\"core\/file\" class=\"wp-block-file\"><object data-wp-bind--hidden=\"!state.hasPdfPreview\" hidden class=\"wp-block-file__embed\" data=\"https:\/\/5zszv.edu.sk\/wp-content\/uploads\/2026\/01\/Potvrdenie-o-zaplateni-dane.pdf\" type=\"application\/pdf\" style=\"width:100%;height:600px\" aria-label=\"Vlo\u017ei\u0165 Potvrdenie o zaplaten\u00ed dane.\"><\/object><a id=\"wp-block-file--media-78eb8b41-3717-45c1-9877-c112fef9e098\" href=\"https:\/\/5zszv.edu.sk\/wp-content\/uploads\/2026\/01\/Potvrdenie-o-zaplateni-dane.pdf\">Potvrdenie o zaplaten\u00ed dane<\/a><a href=\"https:\/\/5zszv.edu.sk\/wp-content\/uploads\/2026\/01\/Potvrdenie-o-zaplateni-dane.pdf\" class=\"wp-block-file__button wp-element-button\" download aria-describedby=\"wp-block-file--media-78eb8b41-3717-45c1-9877-c112fef9e098\">Stiahnu\u0165<\/a><\/div>\n\n\n\n<div data-wp-interactive=\"core\/file\" class=\"wp-block-file\"><object data-wp-bind--hidden=\"!state.hasPdfPreview\" hidden class=\"wp-block-file__embed\" data=\"https:\/\/5zszv.edu.sk\/wp-content\/uploads\/2026\/01\/Vyhlasenie_2-2.pdf\" type=\"application\/pdf\" style=\"width:100%;height:600px\" aria-label=\"Vlo\u017ei\u0165 Vyhlasenie_2%.\"><\/object><a id=\"wp-block-file--media-0629ae1c-6f68-4c38-b842-1054be079f75\" href=\"https:\/\/5zszv.edu.sk\/wp-content\/uploads\/2026\/01\/Vyhlasenie_2-2.pdf\">Vyhlasenie_2%<\/a><a href=\"https:\/\/5zszv.edu.sk\/wp-content\/uploads\/2026\/01\/Vyhlasenie_2-2.pdf\" class=\"wp-block-file__button wp-element-button\" download aria-describedby=\"wp-block-file--media-0629ae1c-6f68-4c38-b842-1054be079f75\">Stiahnu\u0165<\/a><\/div>\n<\/div><\/div>\n<\/div>\n<\/div>\n\n\n\n<p><\/p>\n","protected":false},"excerpt":{"rendered":"<p>V\u00e1\u017een\u00ed rodi\u010dia,dovo\u013eujeme si V\u00e1s oslovi\u0165 i v roku 2026 so \u017eiados\u0165ou, aby ste \u010das\u0165 svojej zaplatenej danepouk\u00e1zali na podporu vzdel\u00e1vania svojich det\u00ed a zlep\u0161enie prostredia, [&hellip;]<\/p>\n","protected":false},"author":1,"featured_media":793,"parent":0,"menu_order":0,"comment_status":"closed","ping_status":"closed","template":"","meta":{"footnotes":""},"class_list":["post-118","page","type-page","status-publish","has-post-thumbnail","hentry"],"_links":{"self":[{"href":"https:\/\/5zszv.edu.sk\/index.php\/wp-json\/wp\/v2\/pages\/118","targetHints":{"allow":["GET"]}}],"collection":[{"href":"https:\/\/5zszv.edu.sk\/index.php\/wp-json\/wp\/v2\/pages"}],"about":[{"href":"https:\/\/5zszv.edu.sk\/index.php\/wp-json\/wp\/v2\/types\/page"}],"author":[{"embeddable":true,"href":"https:\/\/5zszv.edu.sk\/index.php\/wp-json\/wp\/v2\/users\/1"}],"replies":[{"embeddable":true,"href":"https:\/\/5zszv.edu.sk\/index.php\/wp-json\/wp\/v2\/comments?post=118"}],"version-history":[{"count":16,"href":"https:\/\/5zszv.edu.sk\/index.php\/wp-json\/wp\/v2\/pages\/118\/revisions"}],"predecessor-version":[{"id":1025,"href":"https:\/\/5zszv.edu.sk\/index.php\/wp-json\/wp\/v2\/pages\/118\/revisions\/1025"}],"wp:featuredmedia":[{"embeddable":true,"href":"https:\/\/5zszv.edu.sk\/index.php\/wp-json\/wp\/v2\/media\/793"}],"wp:attachment":[{"href":"https:\/\/5zszv.edu.sk\/index.php\/wp-json\/wp\/v2\/media?parent=118"}],"curies":[{"name":"wp","href":"https:\/\/api.w.org\/{rel}","templated":true}]}}