{"id":11,"date":"2023-09-05T17:57:14","date_gmt":"2023-09-05T15:57:14","guid":{"rendered":"http:\/\/194.160.177.10\/?page_id=11"},"modified":"2024-02-15T08:24:45","modified_gmt":"2024-02-15T07:24:45","slug":"rodicia","status":"publish","type":"page","link":"https:\/\/5zszv.edu.sk\/index.php\/rodicia\/","title":{"rendered":"\u017divot v \u0161kole"},"content":{"rendered":"\n<p class=\"has-text-align-center\">\u017divot v \u0161kole je dynamick\u00fdm procesom objavovania, u\u010denia a tvorby vz\u0165ahov, ktor\u00fd formuje nielen vedomosti, ale aj charakter a osobnos\u0165 ka\u017ed\u00e9ho jednotlivca. Je to doba pln\u00e1 v\u00fdziev, pr\u00edle\u017eitost\u00ed a neust\u00e1leho rastu, kde sa ka\u017ed\u00fd de\u0148 stret\u00e1vame s nov\u00fdmi sk\u00fasenos\u0165ami a mo\u017enos\u0165ami pre svoj \u010fal\u0161\u00ed rozvoj.<\/p>\n","protected":false},"excerpt":{"rendered":"<p>\u017divot v \u0161kole je dynamick\u00fdm procesom objavovania, u\u010denia a tvorby vz\u0165ahov, ktor\u00fd formuje nielen vedomosti, ale aj charakter a osobnos\u0165 ka\u017ed\u00e9ho jednotlivca. Je to doba [&hellip;]<\/p>\n","protected":false},"author":1,"featured_media":112,"parent":0,"menu_order":0,"comment_status":"closed","ping_status":"closed","template":"","meta":{"footnotes":""},"class_list":["post-11","page","type-page","status-publish","has-post-thumbnail","hentry"],"_links":{"self":[{"href":"https:\/\/5zszv.edu.sk\/index.php\/wp-json\/wp\/v2\/pages\/11","targetHints":{"allow":["GET"]}}],"collection":[{"href":"https:\/\/5zszv.edu.sk\/index.php\/wp-json\/wp\/v2\/pages"}],"about":[{"href":"https:\/\/5zszv.edu.sk\/index.php\/wp-json\/wp\/v2\/types\/page"}],"author":[{"embeddable":true,"href":"https:\/\/5zszv.edu.sk\/index.php\/wp-json\/wp\/v2\/users\/1"}],"replies":[{"embeddable":true,"href":"https:\/\/5zszv.edu.sk\/index.php\/wp-json\/wp\/v2\/comments?post=11"}],"version-history":[{"count":3,"href":"https:\/\/5zszv.edu.sk\/index.php\/wp-json\/wp\/v2\/pages\/11\/revisions"}],"predecessor-version":[{"id":757,"href":"https:\/\/5zszv.edu.sk\/index.php\/wp-json\/wp\/v2\/pages\/11\/revisions\/757"}],"wp:featuredmedia":[{"embeddable":true,"href":"https:\/\/5zszv.edu.sk\/index.php\/wp-json\/wp\/v2\/media\/112"}],"wp:attachment":[{"href":"https:\/\/5zszv.edu.sk\/index.php\/wp-json\/wp\/v2\/media?parent=11"}],"curies":[{"name":"wp","href":"https:\/\/api.w.org\/{rel}","templated":true}]}}